{"id":9790,"date":"2024-04-16T12:41:45","date_gmt":"2024-04-16T10:41:45","guid":{"rendered":"https:\/\/ginnungagap.art\/hvem-vi-er\/ave-maria\/"},"modified":"2025-11-28T12:55:15","modified_gmt":"2025-11-28T11:55:15","slug":"ave-maria","status":"publish","type":"page","link":"https:\/\/ginnungagap.art\/da\/hvem-vi-er\/ave-maria\/","title":{"rendered":"Ave Maria"},"content":{"rendered":"\t\t<div data-elementor-type=\"wp-page\" data-elementor-id=\"9790\" class=\"elementor elementor-9790 elementor-8543\" data-elementor-post-type=\"page\">\n\t\t\t\t<div class=\"elementor-element elementor-element-7c94ba6d e-flex e-con-boxed e-con e-parent\" data-id=\"7c94ba6d\" data-element_type=\"container\" data-e-type=\"container\">\n\t\t\t\t\t<div class=\"e-con-inner\">\n\t\t<div class=\"elementor-element elementor-element-70d04a3f e-con-full e-flex e-con e-child\" data-id=\"70d04a3f\" data-element_type=\"container\" data-e-type=\"container\">\n\t\t\t\t<div class=\"elementor-element elementor-element-4823085a elementor-widget elementor-widget-text-editor\" data-id=\"4823085a\" data-element_type=\"widget\" data-e-type=\"widget\" data-widget_type=\"text-editor.default\">\n\t\t\t\t<div class=\"elementor-widget-container\">\n\t\t\t\t\t\t\t\t\t<p>Den f\u00f8rste person, du m\u00f8der, n\u00e5r du kontakter os, er Ave, vores studiemanager.<\/p>\n<p>Hun s\u00f8rger for, at studiet fungerer, at klienterne er booket, lagrene er fyldte, og at alle har det godt.<\/p>\n<p>Ave er ogs\u00e5 freelance grafisk designer og dygtig fotograf. Ave, Uffe og Rune Hjarn\u00f8 Rasmussen arbejdede sammen om 2020 Nordic Animism-kalenderen. <\/p>\n<p>Ave har studeret l\u00e6derarbejde p\u00e5 Kunstskolen i Tartu, og visuel kommunikation p\u00e5 Chicago Art Institute og Danmarks Designskole. Hun elsker at arbejde med blandede medier, s\u00e5som grafiske illustrationer, fotografi og m\u00f8nstre. <\/p>\n<p>Blandt andre projekter arbejder hun i sin fritid p\u00e5 en h\u00e5ndmalet skateboardkollektion med nordiske folkem\u00f8nstre.<\/p>\n\t\t\t\t\t\t\t\t<\/div>\n\t\t\t\t<\/div>\n\t\t\t\t<div class=\"elementor-element elementor-element-a528ed1 elementor-align-left elementor-widget elementor-widget-button\" data-id=\"a528ed1\" data-element_type=\"widget\" data-e-type=\"widget\" data-widget_type=\"button.default\">\n\t\t\t\t<div class=\"elementor-widget-container\">\n\t\t\t\t\t\t\t\t\t<div class=\"elementor-button-wrapper\">\n\t\t\t\t\t<a class=\"elementor-button elementor-button-link elementor-size-sm\" href=\"\/kontakt\/\" target=\"_blank\">\n\t\t\t\t\t\t<span class=\"elementor-button-content-wrapper\">\n\t\t\t\t\t\t\t\t\t<span class=\"elementor-button-text\">Book her<\/span>\n\t\t\t\t\t<\/span>\n\t\t\t\t\t<\/a>\n\t\t\t\t<\/div>\n\t\t\t\t\t\t\t\t<\/div>\n\t\t\t\t<\/div>\n\t\t\t\t<div class=\"elementor-element elementor-element-53706ff elementor-widget elementor-widget-gallery\" data-id=\"53706ff\" data-element_type=\"widget\" data-e-type=\"widget\" data-settings=\"{&quot;columns&quot;:2,&quot;gap&quot;:{&quot;unit&quot;:&quot;px&quot;,&quot;size&quot;:15,&quot;sizes&quot;:[]},&quot;aspect_ratio&quot;:&quot;1:1&quot;,&quot;lazyload&quot;:&quot;yes&quot;,&quot;gallery_layout&quot;:&quot;grid&quot;,&quot;columns_tablet&quot;:2,&quot;columns_mobile&quot;:1,&quot;gap_laptop&quot;:{&quot;unit&quot;:&quot;px&quot;,&quot;size&quot;:10,&quot;sizes&quot;:[]},&quot;gap_tablet&quot;:{&quot;unit&quot;:&quot;px&quot;,&quot;size&quot;:10,&quot;sizes&quot;:[]},&quot;gap_mobile&quot;:{&quot;unit&quot;:&quot;px&quot;,&quot;size&quot;:10,&quot;sizes&quot;:[]},&quot;link_to&quot;:&quot;file&quot;,&quot;overlay_background&quot;:&quot;yes&quot;,&quot;content_hover_animation&quot;:&quot;fade-in&quot;}\" data-widget_type=\"gallery.default\">\n\t\t\t\t<div class=\"elementor-widget-container\">\n\t\t\t\t\t\t\t<div class=\"elementor-gallery__container\">\n\t\t\t\t\t\t\t<a class=\"e-gallery-item elementor-gallery-item elementor-animated-content\" href=\"https:\/\/ginnungagap.art\/wp-content\/uploads\/2024\/04\/Ave-Maria-NAC_2020-2-min-scaled-e1716296589852.jpg\" data-elementor-open-lightbox=\"yes\" data-elementor-lightbox-slideshow=\"53706ff\" data-e-action-hash=\"#elementor-action%3Aaction%3Dlightbox%26settings%3DeyJpZCI6OTU4OSwidXJsIjoiaHR0cHM6XC9cL2dpbm51bmdhZ2FwLmFydFwvd3AtY29udGVudFwvdXBsb2Fkc1wvMjAyNFwvMDRcL0F2ZS1NYXJpYS1OQUNfMjAyMC0yLW1pbi1zY2FsZWQtZTE3MTYyOTY1ODk4NTIuanBnIiwic2xpZGVzaG93IjoiNTM3MDZmZiJ9\">\n\t\t\t\t\t<div class=\"e-gallery-image elementor-gallery-item__image\" data-thumbnail=\"https:\/\/ginnungagap.art\/wp-content\/uploads\/2024\/04\/Ave-Maria-NAC_2020-2-min-scaled-e1716296589852.jpg\" data-width=\"1989\" data-height=\"1979\" aria-label=\"\" role=\"img\" ><\/div>\n\t\t\t\t\t\t\t\t\t\t\t<div class=\"elementor-gallery-item__overlay\"><\/div>\n\t\t\t\t\t\t\t\t\t\t\t\t\t\t<\/a>\n\t\t\t\t\t\t\t<a class=\"e-gallery-item elementor-gallery-item elementor-animated-content\" href=\"https:\/\/ginnungagap.art\/wp-content\/uploads\/2024\/04\/Ave-Maria-NAC_2020-1-min-scaled.jpg\" data-elementor-open-lightbox=\"yes\" data-elementor-lightbox-slideshow=\"53706ff\" data-e-action-hash=\"#elementor-action%3Aaction%3Dlightbox%26settings%3DeyJpZCI6OTU4OCwidXJsIjoiaHR0cHM6XC9cL2dpbm51bmdhZ2FwLmFydFwvd3AtY29udGVudFwvdXBsb2Fkc1wvMjAyNFwvMDRcL0F2ZS1NYXJpYS1OQUNfMjAyMC0xLW1pbi1zY2FsZWQuanBnIiwic2xpZGVzaG93IjoiNTM3MDZmZiJ9\">\n\t\t\t\t\t<div class=\"e-gallery-image elementor-gallery-item__image\" data-thumbnail=\"https:\/\/ginnungagap.art\/wp-content\/uploads\/2024\/04\/Ave-Maria-NAC_2020-1-min-scaled.jpg\" data-width=\"1758\" data-height=\"2048\" aria-label=\"\" role=\"img\" ><\/div>\n\t\t\t\t\t\t\t\t\t\t\t<div class=\"elementor-gallery-item__overlay\"><\/div>\n\t\t\t\t\t\t\t\t\t\t\t\t\t\t<\/a>\n\t\t\t\t\t<\/div>\n\t\t\t\t\t<\/div>\n\t\t\t\t<\/div>\n\t\t\t\t<\/div>\n\t\t<div class=\"elementor-element elementor-element-5533c09f e-con-full e-flex e-con e-child\" data-id=\"5533c09f\" data-element_type=\"container\" data-e-type=\"container\">\n\t\t\t\t<div class=\"elementor-element elementor-element-674c0f8b elementor-widget elementor-widget-image\" data-id=\"674c0f8b\" data-element_type=\"widget\" data-e-type=\"widget\" data-widget_type=\"image.default\">\n\t\t\t\t<div class=\"elementor-widget-container\">\n\t\t\t\t\t\t\t\t\t\t\t\t\t\t\t<img decoding=\"async\" width=\"1772\" height=\"1772\" src=\"https:\/\/ginnungagap.art\/wp-content\/uploads\/2024\/04\/2-Who-we-are-Ave-Maria-min.jpg\" class=\"attachment-full size-full wp-image-9760\" alt=\"\" srcset=\"https:\/\/ginnungagap.art\/wp-content\/uploads\/2024\/04\/2-Who-we-are-Ave-Maria-min.jpg 1772w, https:\/\/ginnungagap.art\/wp-content\/uploads\/2024\/04\/2-Who-we-are-Ave-Maria-min-768x768.jpg 768w, https:\/\/ginnungagap.art\/wp-content\/uploads\/2024\/04\/2-Who-we-are-Ave-Maria-min-1536x1536.jpg 1536w\" sizes=\"(max-width: 1772px) 100vw, 1772px\" \/>\t\t\t\t\t\t\t\t\t\t\t\t\t\t\t<\/div>\n\t\t\t\t<\/div>\n\t\t\t\t<\/div>\n\t\t\t\t\t<\/div>\n\t\t\t\t<\/div>\n\t\t<div class=\"elementor-element elementor-element-235c11e e-flex e-con-boxed e-con e-parent\" data-id=\"235c11e\" data-element_type=\"container\" data-e-type=\"container\">\n\t\t\t\t\t<div class=\"e-con-inner\">\n\t\t<div class=\"elementor-element elementor-element-3b03ec0 e-flex e-con-boxed e-con e-child\" data-id=\"3b03ec0\" data-element_type=\"container\" data-e-type=\"container\">\n\t\t\t\t\t<div class=\"e-con-inner\">\n\t\t\t\t<div class=\"elementor-element elementor-element-defc1d8 elementor-widget elementor-widget-text-editor\" data-id=\"defc1d8\" data-element_type=\"widget\" data-e-type=\"widget\" data-widget_type=\"text-editor.default\">\n\t\t\t\t<div class=\"elementor-widget-container\">\n\t\t\t\t\t\t\t\t\t<h3>Skriv til os<\/h3>\t\t\t\t\t\t\t\t<\/div>\n\t\t\t\t<\/div>\n\t\t\t\t<div class=\"elementor-element elementor-element-c9992a5 elementor-widget elementor-widget-shortcode\" data-id=\"c9992a5\" data-element_type=\"widget\" data-e-type=\"widget\" data-widget_type=\"shortcode.default\">\n\t\t\t\t<div class=\"elementor-widget-container\">\n\t\t\t\t\t\t\t<div class=\"elementor-shortcode\"><form id=\"forminator-module-66\" class=\"forminator-custom-form forminator-custom-form-66\" method=\"post\" data-forminator-render=\"0\" data-uid=\"69dff84ba624a\"><div role=\"alert\" aria-live=\"polite\" class=\"forminator-response-message forminator-error\" aria-hidden=\"true\"><\/div><\/form><\/div>\n\t\t\t\t\t\t<\/div>\n\t\t\t\t<\/div>\n\t\t\t\t\t<\/div>\n\t\t\t\t<\/div>\n\t\t\t\t\t<\/div>\n\t\t\t\t<\/div>\n\t\t\t\t<\/div>\n\t\t","protected":false},"excerpt":{"rendered":"<p>Den f\u00f8rste person, du m\u00f8der, n\u00e5r du kontakter os, er Ave, vores studiemanager. Hun s\u00f8rger for, at studiet fungerer, at klienterne er booket, lagrene er fyldte, og at alle har det godt. Ave er ogs\u00e5 freelance grafisk designer og dygtig fotograf. Ave, Uffe og Rune Hjarn\u00f8 Rasmussen arbejdede sammen om 2020 Nordic Animism-kalenderen. Ave har &#8230; <a title=\"Ave Maria\" class=\"read-more\" href=\"https:\/\/ginnungagap.art\/da\/hvem-vi-er\/ave-maria\/\" aria-label=\"Read more about Ave Maria\">L\u00e6s Mere<\/a><\/p>\n","protected":false},"author":8,"featured_media":0,"parent":9784,"menu_order":1009,"comment_status":"closed","ping_status":"closed","template":"","meta":{"_acf_changed":false,"footnotes":""},"categories":[],"class_list":["post-9790","page","type-page","status-publish"],"acf":[],"yoast_head":"<!-- This site is optimized with the Yoast SEO plugin v27.4 - https:\/\/yoast.com\/product\/yoast-seo-wordpress\/ -->\n<title>Ave Maria | Ginnungagap Art<\/title>\n<meta name=\"robots\" content=\"index, follow, max-snippet:-1, max-image-preview:large, max-video-preview:-1\" \/>\n<link rel=\"canonical\" href=\"https:\/\/ginnungagap.art\/da\/hvem-vi-er\/ave-maria\/\" \/>\n<meta property=\"og:locale\" content=\"da_DK\" \/>\n<meta property=\"og:type\" content=\"article\" \/>\n<meta property=\"og:title\" content=\"Ave Maria | Ginnungagap Art\" \/>\n<meta property=\"og:description\" content=\"Den f\u00f8rste person, du m\u00f8der, n\u00e5r du kontakter os, er Ave, vores studiemanager. Hun s\u00f8rger for, at studiet fungerer, at klienterne er booket, lagrene er fyldte, og at alle har det godt. Ave er ogs\u00e5 freelance grafisk designer og dygtig fotograf. Ave, Uffe og Rune Hjarn\u00f8 Rasmussen arbejdede sammen om 2020 Nordic Animism-kalenderen. Ave har ... L\u00e6s Mere\" \/>\n<meta property=\"og:url\" content=\"https:\/\/ginnungagap.art\/da\/hvem-vi-er\/ave-maria\/\" \/>\n<meta property=\"og:site_name\" content=\"Ginnungagap Art\" \/>\n<meta property=\"article:modified_time\" content=\"2025-11-28T11:55:15+00:00\" \/>\n<meta property=\"og:image\" content=\"https:\/\/ginnungagap.art\/wp-content\/uploads\/2024\/04\/2-Who-we-are-Ave-Maria-min.jpg\" \/>\n\t<meta property=\"og:image:width\" content=\"1772\" \/>\n\t<meta property=\"og:image:height\" content=\"1772\" \/>\n\t<meta property=\"og:image:type\" content=\"image\/jpeg\" \/>\n<meta name=\"twitter:card\" content=\"summary_large_image\" \/>\n<meta name=\"twitter:label1\" content=\"Estimeret l\u00e6setid\" \/>\n\t<meta name=\"twitter:data1\" content=\"1 minut\" \/>\n<script type=\"application\/ld+json\" class=\"yoast-schema-graph\">{\"@context\":\"https:\\\/\\\/schema.org\",\"@graph\":[{\"@type\":\"WebPage\",\"@id\":\"https:\\\/\\\/ginnungagap.art\\\/da\\\/hvem-vi-er\\\/ave-maria\\\/\",\"url\":\"https:\\\/\\\/ginnungagap.art\\\/da\\\/hvem-vi-er\\\/ave-maria\\\/\",\"name\":\"Ave Maria | Ginnungagap Art\",\"isPartOf\":{\"@id\":\"https:\\\/\\\/ginnungagap.art\\\/da\\\/#website\"},\"primaryImageOfPage\":{\"@id\":\"https:\\\/\\\/ginnungagap.art\\\/da\\\/hvem-vi-er\\\/ave-maria\\\/#primaryimage\"},\"image\":{\"@id\":\"https:\\\/\\\/ginnungagap.art\\\/da\\\/hvem-vi-er\\\/ave-maria\\\/#primaryimage\"},\"thumbnailUrl\":\"https:\\\/\\\/ginnungagap.art\\\/wp-content\\\/uploads\\\/2024\\\/04\\\/2-Who-we-are-Ave-Maria-min.jpg\",\"datePublished\":\"2024-04-16T10:41:45+00:00\",\"dateModified\":\"2025-11-28T11:55:15+00:00\",\"breadcrumb\":{\"@id\":\"https:\\\/\\\/ginnungagap.art\\\/da\\\/hvem-vi-er\\\/ave-maria\\\/#breadcrumb\"},\"inLanguage\":\"da-DK\",\"potentialAction\":[{\"@type\":\"ReadAction\",\"target\":[\"https:\\\/\\\/ginnungagap.art\\\/da\\\/hvem-vi-er\\\/ave-maria\\\/\"]}]},{\"@type\":\"ImageObject\",\"inLanguage\":\"da-DK\",\"@id\":\"https:\\\/\\\/ginnungagap.art\\\/da\\\/hvem-vi-er\\\/ave-maria\\\/#primaryimage\",\"url\":\"https:\\\/\\\/ginnungagap.art\\\/wp-content\\\/uploads\\\/2024\\\/04\\\/2-Who-we-are-Ave-Maria-min.jpg\",\"contentUrl\":\"https:\\\/\\\/ginnungagap.art\\\/wp-content\\\/uploads\\\/2024\\\/04\\\/2-Who-we-are-Ave-Maria-min.jpg\"},{\"@type\":\"BreadcrumbList\",\"@id\":\"https:\\\/\\\/ginnungagap.art\\\/da\\\/hvem-vi-er\\\/ave-maria\\\/#breadcrumb\",\"itemListElement\":[{\"@type\":\"ListItem\",\"position\":1,\"name\":\"Forside\",\"item\":\"https:\\\/\\\/ginnungagap.art\\\/da\\\/\"},{\"@type\":\"ListItem\",\"position\":2,\"name\":\"Hvem vi er\",\"item\":\"https:\\\/\\\/ginnungagap.art\\\/da\\\/hvem-vi-er\\\/\"},{\"@type\":\"ListItem\",\"position\":3,\"name\":\"Ave Maria\"}]},{\"@type\":\"WebSite\",\"@id\":\"https:\\\/\\\/ginnungagap.art\\\/da\\\/#website\",\"url\":\"https:\\\/\\\/ginnungagap.art\\\/da\\\/\",\"name\":\"Ginnungagap Art\",\"description\":\"Sacred Nordic Tattoos\",\"publisher\":{\"@id\":\"https:\\\/\\\/ginnungagap.art\\\/da\\\/#organization\"},\"potentialAction\":[{\"@type\":\"SearchAction\",\"target\":{\"@type\":\"EntryPoint\",\"urlTemplate\":\"https:\\\/\\\/ginnungagap.art\\\/da\\\/?s={search_term_string}\"},\"query-input\":{\"@type\":\"PropertyValueSpecification\",\"valueRequired\":true,\"valueName\":\"search_term_string\"}}],\"inLanguage\":\"da-DK\"},{\"@type\":\"Organization\",\"@id\":\"https:\\\/\\\/ginnungagap.art\\\/da\\\/#organization\",\"name\":\"Ginnungagap Art\",\"url\":\"https:\\\/\\\/ginnungagap.art\\\/da\\\/\",\"logo\":{\"@type\":\"ImageObject\",\"inLanguage\":\"da-DK\",\"@id\":\"https:\\\/\\\/ginnungagap.art\\\/da\\\/#\\\/schema\\\/logo\\\/image\\\/\",\"url\":\"https:\\\/\\\/ginnungagap.art\\\/wp-content\\\/uploads\\\/2024\\\/04\\\/ginnungagap-logo-02.svg\",\"contentUrl\":\"https:\\\/\\\/ginnungagap.art\\\/wp-content\\\/uploads\\\/2024\\\/04\\\/ginnungagap-logo-02.svg\",\"caption\":\"Ginnungagap Art\"},\"image\":{\"@id\":\"https:\\\/\\\/ginnungagap.art\\\/da\\\/#\\\/schema\\\/logo\\\/image\\\/\"}}]}<\/script>\n<!-- \/ Yoast SEO plugin. -->","yoast_head_json":{"title":"Ave Maria | Ginnungagap Art","robots":{"index":"index","follow":"follow","max-snippet":"max-snippet:-1","max-image-preview":"max-image-preview:large","max-video-preview":"max-video-preview:-1"},"canonical":"https:\/\/ginnungagap.art\/da\/hvem-vi-er\/ave-maria\/","og_locale":"da_DK","og_type":"article","og_title":"Ave Maria | Ginnungagap Art","og_description":"Den f\u00f8rste person, du m\u00f8der, n\u00e5r du kontakter os, er Ave, vores studiemanager. Hun s\u00f8rger for, at studiet fungerer, at klienterne er booket, lagrene er fyldte, og at alle har det godt. Ave er ogs\u00e5 freelance grafisk designer og dygtig fotograf. Ave, Uffe og Rune Hjarn\u00f8 Rasmussen arbejdede sammen om 2020 Nordic Animism-kalenderen. Ave har ... L\u00e6s Mere","og_url":"https:\/\/ginnungagap.art\/da\/hvem-vi-er\/ave-maria\/","og_site_name":"Ginnungagap Art","article_modified_time":"2025-11-28T11:55:15+00:00","og_image":[{"width":1772,"height":1772,"url":"https:\/\/ginnungagap.art\/wp-content\/uploads\/2024\/04\/2-Who-we-are-Ave-Maria-min.jpg","type":"image\/jpeg"}],"twitter_card":"summary_large_image","twitter_misc":{"Estimeret l\u00e6setid":"1 minut"},"schema":{"@context":"https:\/\/schema.org","@graph":[{"@type":"WebPage","@id":"https:\/\/ginnungagap.art\/da\/hvem-vi-er\/ave-maria\/","url":"https:\/\/ginnungagap.art\/da\/hvem-vi-er\/ave-maria\/","name":"Ave Maria | Ginnungagap Art","isPartOf":{"@id":"https:\/\/ginnungagap.art\/da\/#website"},"primaryImageOfPage":{"@id":"https:\/\/ginnungagap.art\/da\/hvem-vi-er\/ave-maria\/#primaryimage"},"image":{"@id":"https:\/\/ginnungagap.art\/da\/hvem-vi-er\/ave-maria\/#primaryimage"},"thumbnailUrl":"https:\/\/ginnungagap.art\/wp-content\/uploads\/2024\/04\/2-Who-we-are-Ave-Maria-min.jpg","datePublished":"2024-04-16T10:41:45+00:00","dateModified":"2025-11-28T11:55:15+00:00","breadcrumb":{"@id":"https:\/\/ginnungagap.art\/da\/hvem-vi-er\/ave-maria\/#breadcrumb"},"inLanguage":"da-DK","potentialAction":[{"@type":"ReadAction","target":["https:\/\/ginnungagap.art\/da\/hvem-vi-er\/ave-maria\/"]}]},{"@type":"ImageObject","inLanguage":"da-DK","@id":"https:\/\/ginnungagap.art\/da\/hvem-vi-er\/ave-maria\/#primaryimage","url":"https:\/\/ginnungagap.art\/wp-content\/uploads\/2024\/04\/2-Who-we-are-Ave-Maria-min.jpg","contentUrl":"https:\/\/ginnungagap.art\/wp-content\/uploads\/2024\/04\/2-Who-we-are-Ave-Maria-min.jpg"},{"@type":"BreadcrumbList","@id":"https:\/\/ginnungagap.art\/da\/hvem-vi-er\/ave-maria\/#breadcrumb","itemListElement":[{"@type":"ListItem","position":1,"name":"Forside","item":"https:\/\/ginnungagap.art\/da\/"},{"@type":"ListItem","position":2,"name":"Hvem vi er","item":"https:\/\/ginnungagap.art\/da\/hvem-vi-er\/"},{"@type":"ListItem","position":3,"name":"Ave Maria"}]},{"@type":"WebSite","@id":"https:\/\/ginnungagap.art\/da\/#website","url":"https:\/\/ginnungagap.art\/da\/","name":"Ginnungagap Art","description":"Sacred Nordic Tattoos","publisher":{"@id":"https:\/\/ginnungagap.art\/da\/#organization"},"potentialAction":[{"@type":"SearchAction","target":{"@type":"EntryPoint","urlTemplate":"https:\/\/ginnungagap.art\/da\/?s={search_term_string}"},"query-input":{"@type":"PropertyValueSpecification","valueRequired":true,"valueName":"search_term_string"}}],"inLanguage":"da-DK"},{"@type":"Organization","@id":"https:\/\/ginnungagap.art\/da\/#organization","name":"Ginnungagap Art","url":"https:\/\/ginnungagap.art\/da\/","logo":{"@type":"ImageObject","inLanguage":"da-DK","@id":"https:\/\/ginnungagap.art\/da\/#\/schema\/logo\/image\/","url":"https:\/\/ginnungagap.art\/wp-content\/uploads\/2024\/04\/ginnungagap-logo-02.svg","contentUrl":"https:\/\/ginnungagap.art\/wp-content\/uploads\/2024\/04\/ginnungagap-logo-02.svg","caption":"Ginnungagap Art"},"image":{"@id":"https:\/\/ginnungagap.art\/da\/#\/schema\/logo\/image\/"}}]}},"_links":{"self":[{"href":"https:\/\/ginnungagap.art\/da\/wp-json\/wp\/v2\/pages\/9790","targetHints":{"allow":["GET"]}}],"collection":[{"href":"https:\/\/ginnungagap.art\/da\/wp-json\/wp\/v2\/pages"}],"about":[{"href":"https:\/\/ginnungagap.art\/da\/wp-json\/wp\/v2\/types\/page"}],"author":[{"embeddable":true,"href":"https:\/\/ginnungagap.art\/da\/wp-json\/wp\/v2\/users\/8"}],"replies":[{"embeddable":true,"href":"https:\/\/ginnungagap.art\/da\/wp-json\/wp\/v2\/comments?post=9790"}],"version-history":[{"count":6,"href":"https:\/\/ginnungagap.art\/da\/wp-json\/wp\/v2\/pages\/9790\/revisions"}],"predecessor-version":[{"id":10323,"href":"https:\/\/ginnungagap.art\/da\/wp-json\/wp\/v2\/pages\/9790\/revisions\/10323"}],"up":[{"embeddable":true,"href":"https:\/\/ginnungagap.art\/da\/wp-json\/wp\/v2\/pages\/9784"}],"wp:attachment":[{"href":"https:\/\/ginnungagap.art\/da\/wp-json\/wp\/v2\/media?parent=9790"}],"wp:term":[{"taxonomy":"category","embeddable":true,"href":"https:\/\/ginnungagap.art\/da\/wp-json\/wp\/v2\/categories?post=9790"}],"curies":[{"name":"wp","href":"https:\/\/api.w.org\/{rel}","templated":true}]}}