{"id":9792,"date":"2024-04-16T12:41:45","date_gmt":"2024-04-16T10:41:45","guid":{"rendered":"https:\/\/ginnungagap.art\/hvem-vi-er\/studioets-venner\/"},"modified":"2025-11-28T12:55:48","modified_gmt":"2025-11-28T11:55:48","slug":"studioets-venner","status":"publish","type":"page","link":"https:\/\/ginnungagap.art\/da\/hvem-vi-er\/studioets-venner\/","title":{"rendered":"Studioets venner"},"content":{"rendered":"\t\t<div data-elementor-type=\"wp-page\" data-elementor-id=\"9792\" class=\"elementor elementor-9792 elementor-8544\" data-elementor-post-type=\"page\">\n\t\t\t\t<div class=\"elementor-element elementor-element-6cd43bc2 e-flex e-con-boxed e-con e-parent\" data-id=\"6cd43bc2\" data-element_type=\"container\" data-e-type=\"container\">\n\t\t\t\t\t<div class=\"e-con-inner\">\n\t\t<div class=\"elementor-element elementor-element-23694057 e-con-full e-flex e-con e-child\" data-id=\"23694057\" data-element_type=\"container\" data-e-type=\"container\">\n\t\t\t\t<div class=\"elementor-element elementor-element-298aa03e elementor-widget elementor-widget-text-editor\" data-id=\"298aa03e\" data-element_type=\"widget\" data-e-type=\"widget\" data-widget_type=\"text-editor.default\">\n\t\t\t\t<div class=\"elementor-widget-container\">\n\t\t\t\t\t\t\t\t\t<h3>Studiepr\u00e6sten Oba Ile<\/h3>\n<p>Oba Ile og Uffe har arbejdet sammen siden 2013. Oba Ile har hovedsageligt foretaget renselser, velsignelser og indvielser samt givet r\u00e5d og vejledning. <\/p>\n<p>Oba Ile er opvokset i Danmark. P\u00e5 b\u00e5de teoretisk og praktisk niveau har han arbejdet med religi\u00f8s praksis, spiritualitet og religi\u00f8se oplevelser i mere end 25 \u00e5r.<br \/>Han har bes\u00f8gt, studeret og arbejdet med religi\u00f8se ud\u00f8vere i Skandinavien og Sydamerika, s\u00e5som shamaner, Vodun\/Orisha-bes\u00e6ttelsespr\u00e6ster og hengivne af Aserne og Vanerne.<br \/>Gennem \u00e5relangt h\u00e5rdt arbejde har Oba Ile i praksis forenet arven fra de nordiske jernalderreligioner med religi\u00f8se teknikker til ekstase, helbredelse og ultimativt livsforandrende processer som indvielse, der muligg\u00f8r en genforbindelse med verdens underliggende\/overliggende kr\u00e6fter. <\/p>\n\t\t\t\t\t\t\t\t<\/div>\n\t\t\t\t<\/div>\n\t\t\t\t<div class=\"elementor-element elementor-element-1306705 elementor-align-left elementor-widget elementor-widget-button\" data-id=\"1306705\" data-element_type=\"widget\" data-e-type=\"widget\" data-widget_type=\"button.default\">\n\t\t\t\t<div class=\"elementor-widget-container\">\n\t\t\t\t\t\t\t\t\t<div class=\"elementor-button-wrapper\">\n\t\t\t\t\t<a class=\"elementor-button elementor-button-link elementor-size-sm\" href=\"\/kontakt\/\" target=\"_blank\">\n\t\t\t\t\t\t<span class=\"elementor-button-content-wrapper\">\n\t\t\t\t\t\t\t\t\t<span class=\"elementor-button-text\">Book her<\/span>\n\t\t\t\t\t<\/span>\n\t\t\t\t\t<\/a>\n\t\t\t\t<\/div>\n\t\t\t\t\t\t\t\t<\/div>\n\t\t\t\t<\/div>\n\t\t\t\t<\/div>\n\t\t<div class=\"elementor-element elementor-element-2ae3fe0b e-con-full e-flex e-con e-child\" data-id=\"2ae3fe0b\" data-element_type=\"container\" data-e-type=\"container\">\n\t\t\t\t<div class=\"elementor-element elementor-element-7cf841f7 elementor-widget elementor-widget-image\" data-id=\"7cf841f7\" data-element_type=\"widget\" data-e-type=\"widget\" data-widget_type=\"image.default\">\n\t\t\t\t<div class=\"elementor-widget-container\">\n\t\t\t\t\t\t\t\t\t\t\t\t\t\t\t<img decoding=\"async\" width=\"2048\" height=\"2048\" src=\"https:\/\/ginnungagap.art\/wp-content\/uploads\/2024\/04\/Friends-Priest-Ola-Iba-min-scaled.jpg\" class=\"attachment-full size-full wp-image-9765\" alt=\"\" srcset=\"https:\/\/ginnungagap.art\/wp-content\/uploads\/2024\/04\/Friends-Priest-Ola-Iba-min-scaled.jpg 2048w, https:\/\/ginnungagap.art\/wp-content\/uploads\/2024\/04\/Friends-Priest-Ola-Iba-min-768x768.jpg 768w, https:\/\/ginnungagap.art\/wp-content\/uploads\/2024\/04\/Friends-Priest-Ola-Iba-min-1536x1536.jpg 1536w\" sizes=\"(max-width: 2048px) 100vw, 2048px\" \/>\t\t\t\t\t\t\t\t\t\t\t\t\t\t\t<\/div>\n\t\t\t\t<\/div>\n\t\t\t\t<\/div>\n\t\t\t\t\t<\/div>\n\t\t\t\t<\/div>\n\t\t<div class=\"elementor-element elementor-element-256b3a4 e-flex e-con-boxed e-con e-parent\" data-id=\"256b3a4\" data-element_type=\"container\" data-e-type=\"container\">\n\t\t\t\t\t<div class=\"e-con-inner\">\n\t\t<div class=\"elementor-element elementor-element-69ac390 e-flex e-con-boxed e-con e-child\" data-id=\"69ac390\" data-element_type=\"container\" data-e-type=\"container\">\n\t\t\t\t\t<div class=\"e-con-inner\">\n\t\t\t\t<div class=\"elementor-element elementor-element-198638a elementor-widget elementor-widget-text-editor\" data-id=\"198638a\" data-element_type=\"widget\" data-e-type=\"widget\" data-widget_type=\"text-editor.default\">\n\t\t\t\t<div class=\"elementor-widget-container\">\n\t\t\t\t\t\t\t\t\t<h3>Skriv til os<\/h3>\t\t\t\t\t\t\t\t<\/div>\n\t\t\t\t<\/div>\n\t\t\t\t<div class=\"elementor-element elementor-element-51793c4 elementor-widget elementor-widget-shortcode\" data-id=\"51793c4\" data-element_type=\"widget\" data-e-type=\"widget\" data-widget_type=\"shortcode.default\">\n\t\t\t\t<div class=\"elementor-widget-container\">\n\t\t\t\t\t\t\t<div class=\"elementor-shortcode\"><form id=\"forminator-module-66\" class=\"forminator-custom-form forminator-custom-form-66\" method=\"post\" data-forminator-render=\"0\" data-uid=\"69e00d3514dfe\"><div role=\"alert\" aria-live=\"polite\" class=\"forminator-response-message forminator-error\" aria-hidden=\"true\"><\/div><\/form><\/div>\n\t\t\t\t\t\t<\/div>\n\t\t\t\t<\/div>\n\t\t\t\t\t<\/div>\n\t\t\t\t<\/div>\n\t\t\t\t\t<\/div>\n\t\t\t\t<\/div>\n\t\t<div class=\"elementor-element elementor-element-242e5b4 e-flex e-con-boxed e-con e-parent\" data-id=\"242e5b4\" data-element_type=\"container\" data-e-type=\"container\">\n\t\t\t\t\t<div class=\"e-con-inner\">\n\t\t<div class=\"elementor-element elementor-element-7dab78b8 e-con-full e-flex e-con e-child\" data-id=\"7dab78b8\" data-element_type=\"container\" data-e-type=\"container\">\n\t\t\t\t<div class=\"elementor-element elementor-element-78ad8c44 elementor-widget elementor-widget-image\" data-id=\"78ad8c44\" data-element_type=\"widget\" data-e-type=\"widget\" data-widget_type=\"image.default\">\n\t\t\t\t<div class=\"elementor-widget-container\">\n\t\t\t\t\t\t\t\t\t\t\t\t\t\t\t<img decoding=\"async\" width=\"2048\" height=\"2048\" src=\"https:\/\/ginnungagap.art\/wp-content\/uploads\/2024\/04\/Friends-Rune-H-Rasmussen-min-scaled.jpg\" class=\"attachment-full size-full wp-image-9764\" alt=\"\" srcset=\"https:\/\/ginnungagap.art\/wp-content\/uploads\/2024\/04\/Friends-Rune-H-Rasmussen-min-scaled.jpg 2048w, https:\/\/ginnungagap.art\/wp-content\/uploads\/2024\/04\/Friends-Rune-H-Rasmussen-min-768x768.jpg 768w, https:\/\/ginnungagap.art\/wp-content\/uploads\/2024\/04\/Friends-Rune-H-Rasmussen-min-1536x1536.jpg 1536w\" sizes=\"(max-width: 2048px) 100vw, 2048px\" \/>\t\t\t\t\t\t\t\t\t\t\t\t\t\t\t<\/div>\n\t\t\t\t<\/div>\n\t\t\t\t<\/div>\n\t\t<div class=\"elementor-element elementor-element-28919427 e-con-full e-flex e-con e-child\" data-id=\"28919427\" data-element_type=\"container\" data-e-type=\"container\">\n\t\t\t\t<div class=\"elementor-element elementor-element-21b8179d elementor-widget elementor-widget-text-editor\" data-id=\"21b8179d\" data-element_type=\"widget\" data-e-type=\"widget\" data-widget_type=\"text-editor.default\">\n\t\t\t\t<div class=\"elementor-widget-container\">\n\t\t\t\t\t\t\t\t\t<h3>Rune Hjarn\u00f8 Rasmussen<\/h3>\n<p>Rune og Uffe har v\u00e6ret venner siden barndommen, og selvom deres veje er forskellige, deler de grundl\u00e6ggende det samme verdenssyn.<\/p>\n<p>Rune Hjarn\u00f8 Rasmussen er religionshistoriker, Ph.d. fra Uppsala Universitet i Sverige. Han har forsket i afro-diasporiske strategier til at bevare animistisk virkelighed i den moderne verden og anvender nu dette perspektiv p\u00e5 at l\u00e6se nordeurop\u00e6isk kulturhistorie som afvist animistisk viden og praksis.<br \/>Han anvender ny-animistisk teori, ontologisk vending-t\u00e6nkning og oprindelig viden-antropologi til at genvinde europ\u00e6iske traditionelle former for jordforbundethed, \u00f8kologisk viden og sl\u00e6gtskab med det st\u00f8rre f\u00e6llesskab af v\u00e6sener. Og han arbejder p\u00e5 at popularisere og bringe dette projekt direkte ind i kulturel forandring gennem offentlige medier, akademiske studier og kulturelle begivenheder.  <\/p>\n\t\t\t\t\t\t\t\t<\/div>\n\t\t\t\t<\/div>\n\t\t\t\t<div class=\"elementor-element elementor-element-5c37e2e elementor-widget elementor-widget-spacer\" data-id=\"5c37e2e\" data-element_type=\"widget\" data-e-type=\"widget\" data-widget_type=\"spacer.default\">\n\t\t\t\t<div class=\"elementor-widget-container\">\n\t\t\t\t\t\t\t<div class=\"elementor-spacer\">\n\t\t\t<div class=\"elementor-spacer-inner\"><\/div>\n\t\t<\/div>\n\t\t\t\t\t\t<\/div>\n\t\t\t\t<\/div>\n\t\t\t\t<div class=\"elementor-element elementor-element-f93f076 elementor-widget elementor-widget-text-editor\" data-id=\"f93f076\" data-element_type=\"widget\" data-e-type=\"widget\" data-widget_type=\"text-editor.default\">\n\t\t\t\t<div class=\"elementor-widget-container\">\n\t\t\t\t\t\t\t\t\t<h4>Du kan se mere af hans arbejde her:<\/h4><p><a href=\"https:\/\/nordicanimism.com\/\" target=\"_blank\" rel=\"noopener\">nordicanimism.com<\/a><br \/>og her:<br \/><a href=\"https:\/\/www.youtube.com\/@NordicAnimism\" target=\"_blank\" rel=\"noopener\">Nordic Animism youtube<\/a><\/p>\t\t\t\t\t\t\t\t<\/div>\n\t\t\t\t<\/div>\n\t\t\t\t<div class=\"elementor-element elementor-element-5b996ce elementor-align-left elementor-widget elementor-widget-button\" data-id=\"5b996ce\" data-element_type=\"widget\" data-e-type=\"widget\" data-widget_type=\"button.default\">\n\t\t\t\t<div class=\"elementor-widget-container\">\n\t\t\t\t\t\t\t\t\t<div class=\"elementor-button-wrapper\">\n\t\t\t\t\t<a class=\"elementor-button elementor-button-link elementor-size-sm\" href=\"\/kontakt\/\" target=\"_blank\">\n\t\t\t\t\t\t<span class=\"elementor-button-content-wrapper\">\n\t\t\t\t\t\t\t\t\t<span class=\"elementor-button-text\">Book her<\/span>\n\t\t\t\t\t<\/span>\n\t\t\t\t\t<\/a>\n\t\t\t\t<\/div>\n\t\t\t\t\t\t\t\t<\/div>\n\t\t\t\t<\/div>\n\t\t\t\t<\/div>\n\t\t\t\t\t<\/div>\n\t\t\t\t<\/div>\n\t\t\t\t<\/div>\n\t\t","protected":false},"excerpt":{"rendered":"<p>Studiepr\u00e6sten Oba Ile Oba Ile og Uffe har arbejdet sammen siden 2013. Oba Ile har hovedsageligt foretaget renselser, velsignelser og indvielser samt givet r\u00e5d og vejledning. Oba Ile er opvokset i Danmark. P\u00e5 b\u00e5de teoretisk og praktisk niveau har han arbejdet med religi\u00f8s praksis, spiritualitet og religi\u00f8se oplevelser i mere end 25 \u00e5r.Han har bes\u00f8gt, &#8230; <a title=\"Studioets venner\" class=\"read-more\" href=\"https:\/\/ginnungagap.art\/da\/hvem-vi-er\/studioets-venner\/\" aria-label=\"Read more about Studioets venner\">L\u00e6s Mere<\/a><\/p>\n","protected":false},"author":8,"featured_media":0,"parent":9784,"menu_order":1010,"comment_status":"closed","ping_status":"closed","template":"","meta":{"_acf_changed":false,"footnotes":""},"categories":[],"class_list":["post-9792","page","type-page","status-publish"],"acf":[],"yoast_head":"<!-- This site is optimized with the Yoast SEO plugin v27.4 - https:\/\/yoast.com\/product\/yoast-seo-wordpress\/ -->\n<title>Studioets venner | Ginnungagap Art<\/title>\n<meta name=\"robots\" content=\"index, follow, max-snippet:-1, max-image-preview:large, max-video-preview:-1\" \/>\n<link rel=\"canonical\" href=\"https:\/\/ginnungagap.art\/da\/hvem-vi-er\/studioets-venner\/\" \/>\n<meta property=\"og:locale\" content=\"da_DK\" \/>\n<meta property=\"og:type\" content=\"article\" \/>\n<meta property=\"og:title\" content=\"Studioets venner | Ginnungagap Art\" \/>\n<meta property=\"og:description\" content=\"Studiepr\u00e6sten Oba Ile Oba Ile og Uffe har arbejdet sammen siden 2013. Oba Ile har hovedsageligt foretaget renselser, velsignelser og indvielser samt givet r\u00e5d og vejledning. Oba Ile er opvokset i Danmark. P\u00e5 b\u00e5de teoretisk og praktisk niveau har han arbejdet med religi\u00f8s praksis, spiritualitet og religi\u00f8se oplevelser i mere end 25 \u00e5r.Han har bes\u00f8gt, ... L\u00e6s Mere\" \/>\n<meta property=\"og:url\" content=\"https:\/\/ginnungagap.art\/da\/hvem-vi-er\/studioets-venner\/\" \/>\n<meta property=\"og:site_name\" content=\"Ginnungagap Art\" \/>\n<meta property=\"article:modified_time\" content=\"2025-11-28T11:55:48+00:00\" \/>\n<meta property=\"og:image\" content=\"https:\/\/ginnungagap.art\/wp-content\/uploads\/2024\/04\/Friends-Priest-Ola-Iba-min-scaled.jpg\" \/>\n\t<meta property=\"og:image:width\" content=\"2048\" \/>\n\t<meta property=\"og:image:height\" content=\"2048\" \/>\n\t<meta property=\"og:image:type\" content=\"image\/jpeg\" \/>\n<meta name=\"twitter:card\" content=\"summary_large_image\" \/>\n<meta name=\"twitter:label1\" content=\"Estimeret l\u00e6setid\" \/>\n\t<meta name=\"twitter:data1\" content=\"1 minut\" \/>\n<script type=\"application\/ld+json\" class=\"yoast-schema-graph\">{\"@context\":\"https:\\\/\\\/schema.org\",\"@graph\":[{\"@type\":\"WebPage\",\"@id\":\"https:\\\/\\\/ginnungagap.art\\\/da\\\/hvem-vi-er\\\/studioets-venner\\\/\",\"url\":\"https:\\\/\\\/ginnungagap.art\\\/da\\\/hvem-vi-er\\\/studioets-venner\\\/\",\"name\":\"Studioets venner | Ginnungagap Art\",\"isPartOf\":{\"@id\":\"https:\\\/\\\/ginnungagap.art\\\/da\\\/#website\"},\"primaryImageOfPage\":{\"@id\":\"https:\\\/\\\/ginnungagap.art\\\/da\\\/hvem-vi-er\\\/studioets-venner\\\/#primaryimage\"},\"image\":{\"@id\":\"https:\\\/\\\/ginnungagap.art\\\/da\\\/hvem-vi-er\\\/studioets-venner\\\/#primaryimage\"},\"thumbnailUrl\":\"https:\\\/\\\/ginnungagap.art\\\/wp-content\\\/uploads\\\/2024\\\/04\\\/Friends-Priest-Ola-Iba-min-scaled.jpg\",\"datePublished\":\"2024-04-16T10:41:45+00:00\",\"dateModified\":\"2025-11-28T11:55:48+00:00\",\"breadcrumb\":{\"@id\":\"https:\\\/\\\/ginnungagap.art\\\/da\\\/hvem-vi-er\\\/studioets-venner\\\/#breadcrumb\"},\"inLanguage\":\"da-DK\",\"potentialAction\":[{\"@type\":\"ReadAction\",\"target\":[\"https:\\\/\\\/ginnungagap.art\\\/da\\\/hvem-vi-er\\\/studioets-venner\\\/\"]}]},{\"@type\":\"ImageObject\",\"inLanguage\":\"da-DK\",\"@id\":\"https:\\\/\\\/ginnungagap.art\\\/da\\\/hvem-vi-er\\\/studioets-venner\\\/#primaryimage\",\"url\":\"https:\\\/\\\/ginnungagap.art\\\/wp-content\\\/uploads\\\/2024\\\/04\\\/Friends-Priest-Ola-Iba-min-scaled.jpg\",\"contentUrl\":\"https:\\\/\\\/ginnungagap.art\\\/wp-content\\\/uploads\\\/2024\\\/04\\\/Friends-Priest-Ola-Iba-min-scaled.jpg\"},{\"@type\":\"BreadcrumbList\",\"@id\":\"https:\\\/\\\/ginnungagap.art\\\/da\\\/hvem-vi-er\\\/studioets-venner\\\/#breadcrumb\",\"itemListElement\":[{\"@type\":\"ListItem\",\"position\":1,\"name\":\"Forside\",\"item\":\"https:\\\/\\\/ginnungagap.art\\\/da\\\/\"},{\"@type\":\"ListItem\",\"position\":2,\"name\":\"Hvem vi er\",\"item\":\"https:\\\/\\\/ginnungagap.art\\\/da\\\/hvem-vi-er\\\/\"},{\"@type\":\"ListItem\",\"position\":3,\"name\":\"Studioets venner\"}]},{\"@type\":\"WebSite\",\"@id\":\"https:\\\/\\\/ginnungagap.art\\\/da\\\/#website\",\"url\":\"https:\\\/\\\/ginnungagap.art\\\/da\\\/\",\"name\":\"Ginnungagap Art\",\"description\":\"Sacred Nordic Tattoos\",\"publisher\":{\"@id\":\"https:\\\/\\\/ginnungagap.art\\\/da\\\/#organization\"},\"potentialAction\":[{\"@type\":\"SearchAction\",\"target\":{\"@type\":\"EntryPoint\",\"urlTemplate\":\"https:\\\/\\\/ginnungagap.art\\\/da\\\/?s={search_term_string}\"},\"query-input\":{\"@type\":\"PropertyValueSpecification\",\"valueRequired\":true,\"valueName\":\"search_term_string\"}}],\"inLanguage\":\"da-DK\"},{\"@type\":\"Organization\",\"@id\":\"https:\\\/\\\/ginnungagap.art\\\/da\\\/#organization\",\"name\":\"Ginnungagap Art\",\"url\":\"https:\\\/\\\/ginnungagap.art\\\/da\\\/\",\"logo\":{\"@type\":\"ImageObject\",\"inLanguage\":\"da-DK\",\"@id\":\"https:\\\/\\\/ginnungagap.art\\\/da\\\/#\\\/schema\\\/logo\\\/image\\\/\",\"url\":\"https:\\\/\\\/ginnungagap.art\\\/wp-content\\\/uploads\\\/2024\\\/04\\\/ginnungagap-logo-02.svg\",\"contentUrl\":\"https:\\\/\\\/ginnungagap.art\\\/wp-content\\\/uploads\\\/2024\\\/04\\\/ginnungagap-logo-02.svg\",\"caption\":\"Ginnungagap Art\"},\"image\":{\"@id\":\"https:\\\/\\\/ginnungagap.art\\\/da\\\/#\\\/schema\\\/logo\\\/image\\\/\"}}]}<\/script>\n<!-- \/ Yoast SEO plugin. -->","yoast_head_json":{"title":"Studioets venner | Ginnungagap Art","robots":{"index":"index","follow":"follow","max-snippet":"max-snippet:-1","max-image-preview":"max-image-preview:large","max-video-preview":"max-video-preview:-1"},"canonical":"https:\/\/ginnungagap.art\/da\/hvem-vi-er\/studioets-venner\/","og_locale":"da_DK","og_type":"article","og_title":"Studioets venner | Ginnungagap Art","og_description":"Studiepr\u00e6sten Oba Ile Oba Ile og Uffe har arbejdet sammen siden 2013. Oba Ile har hovedsageligt foretaget renselser, velsignelser og indvielser samt givet r\u00e5d og vejledning. Oba Ile er opvokset i Danmark. P\u00e5 b\u00e5de teoretisk og praktisk niveau har han arbejdet med religi\u00f8s praksis, spiritualitet og religi\u00f8se oplevelser i mere end 25 \u00e5r.Han har bes\u00f8gt, ... L\u00e6s Mere","og_url":"https:\/\/ginnungagap.art\/da\/hvem-vi-er\/studioets-venner\/","og_site_name":"Ginnungagap Art","article_modified_time":"2025-11-28T11:55:48+00:00","og_image":[{"width":2048,"height":2048,"url":"https:\/\/ginnungagap.art\/wp-content\/uploads\/2024\/04\/Friends-Priest-Ola-Iba-min-scaled.jpg","type":"image\/jpeg"}],"twitter_card":"summary_large_image","twitter_misc":{"Estimeret l\u00e6setid":"1 minut"},"schema":{"@context":"https:\/\/schema.org","@graph":[{"@type":"WebPage","@id":"https:\/\/ginnungagap.art\/da\/hvem-vi-er\/studioets-venner\/","url":"https:\/\/ginnungagap.art\/da\/hvem-vi-er\/studioets-venner\/","name":"Studioets venner | Ginnungagap Art","isPartOf":{"@id":"https:\/\/ginnungagap.art\/da\/#website"},"primaryImageOfPage":{"@id":"https:\/\/ginnungagap.art\/da\/hvem-vi-er\/studioets-venner\/#primaryimage"},"image":{"@id":"https:\/\/ginnungagap.art\/da\/hvem-vi-er\/studioets-venner\/#primaryimage"},"thumbnailUrl":"https:\/\/ginnungagap.art\/wp-content\/uploads\/2024\/04\/Friends-Priest-Ola-Iba-min-scaled.jpg","datePublished":"2024-04-16T10:41:45+00:00","dateModified":"2025-11-28T11:55:48+00:00","breadcrumb":{"@id":"https:\/\/ginnungagap.art\/da\/hvem-vi-er\/studioets-venner\/#breadcrumb"},"inLanguage":"da-DK","potentialAction":[{"@type":"ReadAction","target":["https:\/\/ginnungagap.art\/da\/hvem-vi-er\/studioets-venner\/"]}]},{"@type":"ImageObject","inLanguage":"da-DK","@id":"https:\/\/ginnungagap.art\/da\/hvem-vi-er\/studioets-venner\/#primaryimage","url":"https:\/\/ginnungagap.art\/wp-content\/uploads\/2024\/04\/Friends-Priest-Ola-Iba-min-scaled.jpg","contentUrl":"https:\/\/ginnungagap.art\/wp-content\/uploads\/2024\/04\/Friends-Priest-Ola-Iba-min-scaled.jpg"},{"@type":"BreadcrumbList","@id":"https:\/\/ginnungagap.art\/da\/hvem-vi-er\/studioets-venner\/#breadcrumb","itemListElement":[{"@type":"ListItem","position":1,"name":"Forside","item":"https:\/\/ginnungagap.art\/da\/"},{"@type":"ListItem","position":2,"name":"Hvem vi er","item":"https:\/\/ginnungagap.art\/da\/hvem-vi-er\/"},{"@type":"ListItem","position":3,"name":"Studioets venner"}]},{"@type":"WebSite","@id":"https:\/\/ginnungagap.art\/da\/#website","url":"https:\/\/ginnungagap.art\/da\/","name":"Ginnungagap Art","description":"Sacred Nordic Tattoos","publisher":{"@id":"https:\/\/ginnungagap.art\/da\/#organization"},"potentialAction":[{"@type":"SearchAction","target":{"@type":"EntryPoint","urlTemplate":"https:\/\/ginnungagap.art\/da\/?s={search_term_string}"},"query-input":{"@type":"PropertyValueSpecification","valueRequired":true,"valueName":"search_term_string"}}],"inLanguage":"da-DK"},{"@type":"Organization","@id":"https:\/\/ginnungagap.art\/da\/#organization","name":"Ginnungagap Art","url":"https:\/\/ginnungagap.art\/da\/","logo":{"@type":"ImageObject","inLanguage":"da-DK","@id":"https:\/\/ginnungagap.art\/da\/#\/schema\/logo\/image\/","url":"https:\/\/ginnungagap.art\/wp-content\/uploads\/2024\/04\/ginnungagap-logo-02.svg","contentUrl":"https:\/\/ginnungagap.art\/wp-content\/uploads\/2024\/04\/ginnungagap-logo-02.svg","caption":"Ginnungagap Art"},"image":{"@id":"https:\/\/ginnungagap.art\/da\/#\/schema\/logo\/image\/"}}]}},"_links":{"self":[{"href":"https:\/\/ginnungagap.art\/da\/wp-json\/wp\/v2\/pages\/9792","targetHints":{"allow":["GET"]}}],"collection":[{"href":"https:\/\/ginnungagap.art\/da\/wp-json\/wp\/v2\/pages"}],"about":[{"href":"https:\/\/ginnungagap.art\/da\/wp-json\/wp\/v2\/types\/page"}],"author":[{"embeddable":true,"href":"https:\/\/ginnungagap.art\/da\/wp-json\/wp\/v2\/users\/8"}],"replies":[{"embeddable":true,"href":"https:\/\/ginnungagap.art\/da\/wp-json\/wp\/v2\/comments?post=9792"}],"version-history":[{"count":6,"href":"https:\/\/ginnungagap.art\/da\/wp-json\/wp\/v2\/pages\/9792\/revisions"}],"predecessor-version":[{"id":10326,"href":"https:\/\/ginnungagap.art\/da\/wp-json\/wp\/v2\/pages\/9792\/revisions\/10326"}],"up":[{"embeddable":true,"href":"https:\/\/ginnungagap.art\/da\/wp-json\/wp\/v2\/pages\/9784"}],"wp:attachment":[{"href":"https:\/\/ginnungagap.art\/da\/wp-json\/wp\/v2\/media?parent=9792"}],"wp:term":[{"taxonomy":"category","embeddable":true,"href":"https:\/\/ginnungagap.art\/da\/wp-json\/wp\/v2\/categories?post=9792"}],"curies":[{"name":"wp","href":"https:\/\/api.w.org\/{rel}","templated":true}]}}