{"id":9798,"date":"2024-04-16T12:36:27","date_gmt":"2024-04-16T10:36:27","guid":{"rendered":"https:\/\/ginnungagap.art\/gaarden-the-farm\/"},"modified":"2025-11-28T12:57:19","modified_gmt":"2025-11-28T11:57:19","slug":"gaarden-the-farm","status":"publish","type":"page","link":"https:\/\/ginnungagap.art\/da\/gaarden-the-farm\/","title":{"rendered":"G\u00e5rden"},"content":{"rendered":"\t\t<div data-elementor-type=\"wp-page\" data-elementor-id=\"9798\" class=\"elementor elementor-9798 elementor-8530\" data-elementor-post-type=\"page\">\n\t\t\t\t<div class=\"elementor-element elementor-element-7cc4f58c e-flex e-con-boxed e-con e-parent\" data-id=\"7cc4f58c\" data-element_type=\"container\" data-e-type=\"container\">\n\t\t\t\t\t<div class=\"e-con-inner\">\n\t\t<div class=\"elementor-element elementor-element-1f0985cd e-con-full e-flex e-con e-child\" data-id=\"1f0985cd\" data-element_type=\"container\" data-e-type=\"container\">\n\t\t\t\t<div class=\"elementor-element elementor-element-493f133c elementor-widget elementor-widget-text-editor\" data-id=\"493f133c\" data-element_type=\"widget\" data-e-type=\"widget\" data-widget_type=\"text-editor.default\">\n\t\t\t\t<div class=\"elementor-widget-container\">\n\t\t\t\t\t\t\t\t\t<h2>P\u00e5 Fyn, midt i Danmark,<\/h2>\n<p>k\u00f8bte vi i 2019 g\u00e5rden og flyttede b\u00e5de vores studie og os selv ud af K\u00f8benhavn.<\/p>\n<p>Vi havde l\u00e6nge ledt efter et sted uden for byen, hvor der var mere luft, plads og frihed.<\/p>\n<p>Det var vores h\u00e5b, at vores kunder fra udlandet ikke ville blive afskr\u00e6kket af, at studiet ikke l\u00e6ngere l\u00e5 i K\u00f8benhavn. Det ser ikke ud til at v\u00e6re tilf\u00e6ldet, og vi har haft forn\u00f8jelsen af at arbejde med kunder fra hele verden, siden vi flyttede hertil. <\/p>\n<p>Den gamle g\u00e5rd er oprindeligt fra 1827, og vi renoverer og forbedrer den l\u00f8bende \u2013 noget vi sikkert vil g\u00f8re i mange \u00e5r fremover. <\/p>\n<p>G\u00e5rden ligger i den lille landsby Skydebjerg, t\u00e6t ved Aarup. Det tager to timer at k\u00f8re fra K\u00f8benhavn, men det er ogs\u00e5 nemt at komme hertil med offentlig transport. Der er en togstation i Aarup, og der er et busstoppested hundrede meter fra g\u00e5rden, hvor busser k\u00f8rer til og fra Odense hver time.  <\/p>\n\t\t\t\t\t\t\t\t<\/div>\n\t\t\t\t<\/div>\n\t\t\t\t<div class=\"elementor-element elementor-element-f15df99 elementor-align-left elementor-widget elementor-widget-button\" data-id=\"f15df99\" data-element_type=\"widget\" data-e-type=\"widget\" data-widget_type=\"button.default\">\n\t\t\t\t<div class=\"elementor-widget-container\">\n\t\t\t\t\t\t\t\t\t<div class=\"elementor-button-wrapper\">\n\t\t\t\t\t<a class=\"elementor-button elementor-button-link elementor-size-sm\" href=\"\/kontakt\/\" target=\"_blank\">\n\t\t\t\t\t\t<span class=\"elementor-button-content-wrapper\">\n\t\t\t\t\t\t\t\t\t<span class=\"elementor-button-text\">Book her<\/span>\n\t\t\t\t\t<\/span>\n\t\t\t\t\t<\/a>\n\t\t\t\t<\/div>\n\t\t\t\t\t\t\t\t<\/div>\n\t\t\t\t<\/div>\n\t\t\t\t<\/div>\n\t\t<div class=\"elementor-element elementor-element-7abce993 e-con-full e-flex e-con e-child\" data-id=\"7abce993\" data-element_type=\"container\" data-e-type=\"container\">\n\t\t\t\t<div class=\"elementor-element elementor-element-4a5bf899 elementor-widget elementor-widget-image\" data-id=\"4a5bf899\" data-element_type=\"widget\" data-e-type=\"widget\" data-widget_type=\"image.default\">\n\t\t\t\t<div class=\"elementor-widget-container\">\n\t\t\t\t\t\t\t\t\t\t\t\t\t\t\t<img decoding=\"async\" width=\"2048\" height=\"1466\" src=\"https:\/\/ginnungagap.art\/wp-content\/uploads\/2024\/06\/The-Farm-min-scaled.jpeg\" class=\"attachment-full size-full wp-image-9743\" alt=\"\" srcset=\"https:\/\/ginnungagap.art\/wp-content\/uploads\/2024\/06\/The-Farm-min-scaled.jpeg 2048w, https:\/\/ginnungagap.art\/wp-content\/uploads\/2024\/06\/The-Farm-min-768x550.jpeg 768w, https:\/\/ginnungagap.art\/wp-content\/uploads\/2024\/06\/The-Farm-min-1536x1100.jpeg 1536w\" sizes=\"(max-width: 2048px) 100vw, 2048px\" \/>\t\t\t\t\t\t\t\t\t\t\t\t\t\t\t<\/div>\n\t\t\t\t<\/div>\n\t\t\t\t<\/div>\n\t\t\t\t\t<\/div>\n\t\t\t\t<\/div>\n\t\t<div class=\"elementor-element elementor-element-0a1255d e-flex e-con-boxed e-con e-parent\" data-id=\"0a1255d\" data-element_type=\"container\" data-e-type=\"container\">\n\t\t\t\t\t<div class=\"e-con-inner\">\n\t\t<div class=\"elementor-element elementor-element-ea3e4ad e-flex e-con-boxed e-con e-child\" data-id=\"ea3e4ad\" data-element_type=\"container\" data-e-type=\"container\">\n\t\t\t\t\t<div class=\"e-con-inner\">\n\t\t\t\t<div class=\"elementor-element elementor-element-35c511a elementor-widget elementor-widget-text-editor\" data-id=\"35c511a\" data-element_type=\"widget\" data-e-type=\"widget\" data-widget_type=\"text-editor.default\">\n\t\t\t\t<div class=\"elementor-widget-container\">\n\t\t\t\t\t\t\t\t\t<h3>Skriv til os<\/h3>\t\t\t\t\t\t\t\t<\/div>\n\t\t\t\t<\/div>\n\t\t\t\t<div class=\"elementor-element elementor-element-cc30e62 elementor-widget elementor-widget-shortcode\" data-id=\"cc30e62\" data-element_type=\"widget\" data-e-type=\"widget\" data-widget_type=\"shortcode.default\">\n\t\t\t\t<div class=\"elementor-widget-container\">\n\t\t\t\t\t\t\t<div class=\"elementor-shortcode\"><form id=\"forminator-module-66\" class=\"forminator-custom-form forminator-custom-form-66\" method=\"post\" data-forminator-render=\"0\" data-uid=\"69dff8706f9a1\"><div role=\"alert\" aria-live=\"polite\" class=\"forminator-response-message forminator-error\" aria-hidden=\"true\"><\/div><\/form><\/div>\n\t\t\t\t\t\t<\/div>\n\t\t\t\t<\/div>\n\t\t\t\t\t<\/div>\n\t\t\t\t<\/div>\n\t\t\t\t\t<\/div>\n\t\t\t\t<\/div>\n\t\t<div class=\"elementor-element elementor-element-288ab5bd e-flex e-con-boxed e-con e-parent\" data-id=\"288ab5bd\" data-element_type=\"container\" data-e-type=\"container\">\n\t\t\t\t\t<div class=\"e-con-inner\">\n\t\t<div class=\"elementor-element elementor-element-68a8c413 e-con-full e-flex e-con e-child\" data-id=\"68a8c413\" data-element_type=\"container\" data-e-type=\"container\">\n\t\t\t\t<div class=\"elementor-element elementor-element-69c106db elementor-widget elementor-widget-image\" data-id=\"69c106db\" data-element_type=\"widget\" data-e-type=\"widget\" data-widget_type=\"image.default\">\n\t\t\t\t<div class=\"elementor-widget-container\">\n\t\t\t\t\t\t\t\t\t\t\t\t\t\t\t<img decoding=\"async\" width=\"942\" height=\"1414\" src=\"https:\/\/ginnungagap.art\/wp-content\/uploads\/2024\/04\/guesthouse08.jpg\" class=\"attachment-full size-full wp-image-9737\" alt=\"\" srcset=\"https:\/\/ginnungagap.art\/wp-content\/uploads\/2024\/04\/guesthouse08.jpg 942w, https:\/\/ginnungagap.art\/wp-content\/uploads\/2024\/04\/guesthouse08-768x1153.jpg 768w\" sizes=\"(max-width: 942px) 100vw, 942px\" \/>\t\t\t\t\t\t\t\t\t\t\t\t\t\t\t<\/div>\n\t\t\t\t<\/div>\n\t\t\t\t<\/div>\n\t\t<div class=\"elementor-element elementor-element-763ef8e4 e-con-full e-flex e-con e-child\" data-id=\"763ef8e4\" data-element_type=\"container\" data-e-type=\"container\">\n\t\t\t\t<div class=\"elementor-element elementor-element-365f4a29 elementor-widget elementor-widget-text-editor\" data-id=\"365f4a29\" data-element_type=\"widget\" data-e-type=\"widget\" data-widget_type=\"text-editor.default\">\n\t\t\t\t<div class=\"elementor-widget-container\">\n\t\t\t\t\t\t\t\t\t<h3>Odins sted<\/h3>\n<p>G\u00e5rden ligger cirka 25 minutter fra Odense. Odense er Danmarks tredje st\u00f8rste by med knap 200.000 indbyggere \u2013 s\u00e5 ikke s\u00e6rlig stor.  <\/p>\n<p>Odense er en af Danmarks \u00e6ldste byer og n\u00e6vnes skriftligt allerede i 988 e.Kr., hvilket g\u00f8r den over 1000 \u00e5r gammel. Byen er bygget oven p\u00e5 en af de seks kendte vikingeborge, meget sandsynligt bygget af Harald Bl\u00e5tand \u2013 de s\u00e5kaldte &#8220;Trelleborge&#8221;. Navnet Odense kommer fra Odin\u2019s vig, som betyder Odins vig, eller Odins hellige sted. Det har sandsynligvis v\u00e6ret et offersted for Odin.   <\/p>\n<p>Odense er ogs\u00e5 f\u00f8dested for eventyrdigteren Hans Christian Andersen, noget byen er meget stolt af, og man kan bes\u00f8ge hans f\u00f8dehjem her.<\/p>\n<p>Odense er rig p\u00e5 museer, gode spisesteder, teater og musikliv. Efter vores mening er Odense den perfekte kombination af landsbyens charme og storbyens attraktioner. Det er bestemt et bes\u00f8g v\u00e6rd.  <\/p>\n\t\t\t\t\t\t\t\t<\/div>\n\t\t\t\t<\/div>\n\t\t\t\t<\/div>\n\t\t\t\t\t<\/div>\n\t\t\t\t<\/div>\n\t\t<div class=\"elementor-element elementor-element-357ea162 e-flex e-con-boxed e-con e-parent\" data-id=\"357ea162\" data-element_type=\"container\" data-e-type=\"container\">\n\t\t\t\t\t<div class=\"e-con-inner\">\n\t\t<div class=\"elementor-element elementor-element-5e9c4c3 e-con-full e-flex e-con e-child\" data-id=\"5e9c4c3\" data-element_type=\"container\" data-e-type=\"container\">\n\t\t\t\t<div class=\"elementor-element elementor-element-65242037 elementor-widget elementor-widget-text-editor\" data-id=\"65242037\" data-element_type=\"widget\" data-e-type=\"widget\" data-widget_type=\"text-editor.default\">\n\t\t\t\t<div class=\"elementor-widget-container\">\n\t\t\t\t\t\t\t\t\t<h3>G\u00e6stelejligheden<\/h3>\n<p>Efter at vi havde f\u00e5et vores studie op at k\u00f8re, var det f\u00f8rste omr\u00e5de, vi fokuserede p\u00e5, g\u00e6stelejligheden.<\/p>\n<p>Ofte booker kunder flere dage i tr\u00e6k, s\u00e5 vi t\u00e6nkte, at det ville give god mening at have et sted at tilbyde kunderne at overnatte.<\/p>\n<p>Lejligheden har egen indgang, et par v\u00e6relser, en queensize seng, tek\u00f8kken, badev\u00e6relse, senget\u00f8j, h\u00e5ndkl\u00e6der og Wi-Fi. Derudover er der et par l\u00e5necykler til ture i det omkringliggende landskab eller indk\u00f8bsture til n\u00e6rliggende Aarup. <\/p>\n<p>G\u00e6stelejligheden har komfortabel plads til to personer, men kan indrettes til en familie, hvis det er n\u00f8dvendigt. (Vi har af og til haft familier p\u00e5 tatoveringsferie, hvor mor eller far \u2013 eller begge \u2013 f\u00e5r en tatovering, mens resten af familien slapper af eller er p\u00e5 sightseeing.) <\/p>\n<p>G\u00e6stelejligheden koster 400 DKK pr. nat. <\/p>\n\t\t\t\t\t\t\t\t<\/div>\n\t\t\t\t<\/div>\n\t\t\t\t<\/div>\n\t\t<div class=\"elementor-element elementor-element-13403687 e-con-full e-flex e-con e-child\" data-id=\"13403687\" data-element_type=\"container\" data-e-type=\"container\">\n\t\t\t\t<div class=\"elementor-element elementor-element-7953f045 elementor-widget elementor-widget-image\" data-id=\"7953f045\" data-element_type=\"widget\" data-e-type=\"widget\" data-widget_type=\"image.default\">\n\t\t\t\t<div class=\"elementor-widget-container\">\n\t\t\t\t\t\t\t\t\t\t\t\t\t\t\t<img decoding=\"async\" width=\"1153\" height=\"961\" src=\"https:\/\/ginnungagap.art\/wp-content\/uploads\/2025\/06\/Kopper.jpeg\" class=\"attachment-full size-full wp-image-10048\" alt=\"\" srcset=\"https:\/\/ginnungagap.art\/wp-content\/uploads\/2025\/06\/Kopper.jpeg 1153w, https:\/\/ginnungagap.art\/wp-content\/uploads\/2025\/06\/Kopper-768x640.jpeg 768w\" sizes=\"(max-width: 1153px) 100vw, 1153px\" \/>\t\t\t\t\t\t\t\t\t\t\t\t\t\t\t<\/div>\n\t\t\t\t<\/div>\n\t\t\t\t<\/div>\n\t\t<div class=\"elementor-element elementor-element-cf4b6fd e-con-full e-flex e-con e-child\" data-id=\"cf4b6fd\" data-element_type=\"container\" data-e-type=\"container\">\n\t\t\t\t<div class=\"elementor-element elementor-element-3ffcf7f elementor-widget elementor-widget-gallery\" data-id=\"3ffcf7f\" data-element_type=\"widget\" data-e-type=\"widget\" data-settings=\"{&quot;gap&quot;:{&quot;unit&quot;:&quot;px&quot;,&quot;size&quot;:15,&quot;sizes&quot;:[]},&quot;gap_laptop&quot;:{&quot;unit&quot;:&quot;px&quot;,&quot;size&quot;:15,&quot;sizes&quot;:[]},&quot;gap_tablet&quot;:{&quot;unit&quot;:&quot;px&quot;,&quot;size&quot;:15,&quot;sizes&quot;:[]},&quot;gap_mobile&quot;:{&quot;unit&quot;:&quot;px&quot;,&quot;size&quot;:15,&quot;sizes&quot;:[]},&quot;aspect_ratio&quot;:&quot;1:1&quot;,&quot;lazyload&quot;:&quot;yes&quot;,&quot;gallery_layout&quot;:&quot;grid&quot;,&quot;columns&quot;:4,&quot;columns_tablet&quot;:2,&quot;columns_mobile&quot;:1,&quot;link_to&quot;:&quot;file&quot;,&quot;content_hover_animation&quot;:&quot;fade-in&quot;}\" data-widget_type=\"gallery.default\">\n\t\t\t\t<div class=\"elementor-widget-container\">\n\t\t\t\t\t\t\t<div class=\"elementor-gallery__container\">\n\t\t\t\t\t\t\t<a class=\"e-gallery-item elementor-gallery-item elementor-animated-content\" href=\"https:\/\/ginnungagap.art\/wp-content\/uploads\/2024\/04\/guesthouse10.jpg\" data-elementor-open-lightbox=\"yes\" data-elementor-lightbox-slideshow=\"3ffcf7f\" data-e-action-hash=\"#elementor-action%3Aaction%3Dlightbox%26settings%3DeyJpZCI6OTczOCwidXJsIjoiaHR0cHM6XC9cL2dpbm51bmdhZ2FwLmFydFwvd3AtY29udGVudFwvdXBsb2Fkc1wvMjAyNFwvMDRcL2d1ZXN0aG91c2UxMC5qcGciLCJzbGlkZXNob3ciOiIzZmZjZjdmIn0%3D\">\n\t\t\t\t\t<div class=\"e-gallery-image elementor-gallery-item__image\" data-thumbnail=\"https:\/\/ginnungagap.art\/wp-content\/uploads\/2024\/04\/guesthouse10.jpg\" data-width=\"1611\" data-height=\"1414\" aria-label=\"\" role=\"img\" ><\/div>\n\t\t\t\t\t\t\t\t\t\t\t\t\t\t<\/a>\n\t\t\t\t\t\t\t<a class=\"e-gallery-item elementor-gallery-item elementor-animated-content\" href=\"https:\/\/ginnungagap.art\/wp-content\/uploads\/2024\/04\/guesthouse03.jpg\" data-elementor-open-lightbox=\"yes\" data-elementor-lightbox-slideshow=\"3ffcf7f\" data-e-action-hash=\"#elementor-action%3Aaction%3Dlightbox%26settings%3DeyJpZCI6OTczOSwidXJsIjoiaHR0cHM6XC9cL2dpbm51bmdhZ2FwLmFydFwvd3AtY29udGVudFwvdXBsb2Fkc1wvMjAyNFwvMDRcL2d1ZXN0aG91c2UwMy5qcGciLCJzbGlkZXNob3ciOiIzZmZjZjdmIn0%3D\">\n\t\t\t\t\t<div class=\"e-gallery-image elementor-gallery-item__image\" data-thumbnail=\"https:\/\/ginnungagap.art\/wp-content\/uploads\/2024\/04\/guesthouse03.jpg\" data-width=\"932\" data-height=\"1414\" aria-label=\"\" role=\"img\" ><\/div>\n\t\t\t\t\t\t\t\t\t\t\t\t\t\t<\/a>\n\t\t\t\t\t\t\t<a class=\"e-gallery-item elementor-gallery-item elementor-animated-content\" href=\"https:\/\/ginnungagap.art\/wp-content\/uploads\/2024\/04\/guesthouse04b.jpg\" data-elementor-open-lightbox=\"yes\" data-elementor-lightbox-slideshow=\"3ffcf7f\" data-e-action-hash=\"#elementor-action%3Aaction%3Dlightbox%26settings%3DeyJpZCI6OTc0MCwidXJsIjoiaHR0cHM6XC9cL2dpbm51bmdhZ2FwLmFydFwvd3AtY29udGVudFwvdXBsb2Fkc1wvMjAyNFwvMDRcL2d1ZXN0aG91c2UwNGIuanBnIiwic2xpZGVzaG93IjoiM2ZmY2Y3ZiJ9\">\n\t\t\t\t\t<div class=\"e-gallery-image elementor-gallery-item__image\" data-thumbnail=\"https:\/\/ginnungagap.art\/wp-content\/uploads\/2024\/04\/guesthouse04b.jpg\" data-width=\"1991\" data-height=\"1414\" aria-label=\"\" role=\"img\" ><\/div>\n\t\t\t\t\t\t\t\t\t\t\t\t\t\t<\/a>\n\t\t\t\t\t\t\t<a class=\"e-gallery-item elementor-gallery-item elementor-animated-content\" href=\"https:\/\/ginnungagap.art\/wp-content\/uploads\/2025\/06\/IMG_6400.jpeg\" data-elementor-open-lightbox=\"yes\" data-elementor-lightbox-slideshow=\"3ffcf7f\" data-e-action-hash=\"#elementor-action%3Aaction%3Dlightbox%26settings%3DeyJpZCI6MTAwNTEsInVybCI6Imh0dHBzOlwvXC9naW5udW5nYWdhcC5hcnRcL3dwLWNvbnRlbnRcL3VwbG9hZHNcLzIwMjVcLzA2XC9JTUdfNjQwMC5qcGVnIiwic2xpZGVzaG93IjoiM2ZmY2Y3ZiJ9\">\n\t\t\t\t\t<div class=\"e-gallery-image elementor-gallery-item__image\" data-thumbnail=\"https:\/\/ginnungagap.art\/wp-content\/uploads\/2025\/06\/IMG_6400.jpeg\" data-width=\"960\" data-height=\"1280\" aria-label=\"\" role=\"img\" ><\/div>\n\t\t\t\t\t\t\t\t\t\t\t\t\t\t<\/a>\n\t\t\t\t\t<\/div>\n\t\t\t\t\t<\/div>\n\t\t\t\t<\/div>\n\t\t\t\t<\/div>\n\t\t\t\t\t<\/div>\n\t\t\t\t<\/div>\n\t\t\t\t<\/div>\n\t\t","protected":false},"excerpt":{"rendered":"<p>P\u00e5 Fyn, midt i Danmark, k\u00f8bte vi i 2019 g\u00e5rden og flyttede b\u00e5de vores studie og os selv ud af K\u00f8benhavn. Vi havde l\u00e6nge ledt efter et sted uden for byen, hvor der var mere luft, plads og frihed. Det var vores h\u00e5b, at vores kunder fra udlandet ikke ville blive afskr\u00e6kket af, at studiet &#8230; <a title=\"G\u00e5rden\" class=\"read-more\" href=\"https:\/\/ginnungagap.art\/da\/gaarden-the-farm\/\" aria-label=\"Read more about G\u00e5rden\">L\u00e6s Mere<\/a><\/p>\n","protected":false},"author":8,"featured_media":0,"parent":0,"menu_order":1003,"comment_status":"closed","ping_status":"closed","template":"","meta":{"_acf_changed":false,"footnotes":""},"categories":[],"class_list":["post-9798","page","type-page","status-publish"],"acf":[],"yoast_head":"<!-- This site is optimized with the Yoast SEO plugin v27.4 - https:\/\/yoast.com\/product\/yoast-seo-wordpress\/ -->\n<title>G\u00e5rden | Ginnungagap Art<\/title>\n<meta name=\"robots\" content=\"index, follow, max-snippet:-1, max-image-preview:large, max-video-preview:-1\" \/>\n<link rel=\"canonical\" href=\"https:\/\/ginnungagap.art\/da\/gaarden-the-farm\/\" \/>\n<meta property=\"og:locale\" content=\"da_DK\" \/>\n<meta property=\"og:type\" content=\"article\" \/>\n<meta property=\"og:title\" content=\"G\u00e5rden | Ginnungagap Art\" \/>\n<meta property=\"og:description\" content=\"P\u00e5 Fyn, midt i Danmark, k\u00f8bte vi i 2019 g\u00e5rden og flyttede b\u00e5de vores studie og os selv ud af K\u00f8benhavn. Vi havde l\u00e6nge ledt efter et sted uden for byen, hvor der var mere luft, plads og frihed. Det var vores h\u00e5b, at vores kunder fra udlandet ikke ville blive afskr\u00e6kket af, at studiet ... L\u00e6s Mere\" \/>\n<meta property=\"og:url\" content=\"https:\/\/ginnungagap.art\/da\/gaarden-the-farm\/\" \/>\n<meta property=\"og:site_name\" content=\"Ginnungagap Art\" \/>\n<meta property=\"article:modified_time\" content=\"2025-11-28T11:57:19+00:00\" \/>\n<meta property=\"og:image\" content=\"https:\/\/ginnungagap.art\/wp-content\/uploads\/2024\/06\/The-Farm-min-scaled.jpeg\" \/>\n\t<meta property=\"og:image:width\" content=\"2048\" \/>\n\t<meta property=\"og:image:height\" content=\"1466\" \/>\n\t<meta property=\"og:image:type\" content=\"image\/jpeg\" \/>\n<meta name=\"twitter:card\" content=\"summary_large_image\" \/>\n<meta name=\"twitter:label1\" content=\"Estimeret l\u00e6setid\" \/>\n\t<meta name=\"twitter:data1\" content=\"2 minutter\" \/>\n<script type=\"application\/ld+json\" class=\"yoast-schema-graph\">{\"@context\":\"https:\\\/\\\/schema.org\",\"@graph\":[{\"@type\":\"WebPage\",\"@id\":\"https:\\\/\\\/ginnungagap.art\\\/da\\\/gaarden-the-farm\\\/\",\"url\":\"https:\\\/\\\/ginnungagap.art\\\/da\\\/gaarden-the-farm\\\/\",\"name\":\"G\u00e5rden | Ginnungagap Art\",\"isPartOf\":{\"@id\":\"https:\\\/\\\/ginnungagap.art\\\/da\\\/#website\"},\"primaryImageOfPage\":{\"@id\":\"https:\\\/\\\/ginnungagap.art\\\/da\\\/gaarden-the-farm\\\/#primaryimage\"},\"image\":{\"@id\":\"https:\\\/\\\/ginnungagap.art\\\/da\\\/gaarden-the-farm\\\/#primaryimage\"},\"thumbnailUrl\":\"https:\\\/\\\/ginnungagap.art\\\/wp-content\\\/uploads\\\/2024\\\/06\\\/The-Farm-min-scaled.jpeg\",\"datePublished\":\"2024-04-16T10:36:27+00:00\",\"dateModified\":\"2025-11-28T11:57:19+00:00\",\"breadcrumb\":{\"@id\":\"https:\\\/\\\/ginnungagap.art\\\/da\\\/gaarden-the-farm\\\/#breadcrumb\"},\"inLanguage\":\"da-DK\",\"potentialAction\":[{\"@type\":\"ReadAction\",\"target\":[\"https:\\\/\\\/ginnungagap.art\\\/da\\\/gaarden-the-farm\\\/\"]}]},{\"@type\":\"ImageObject\",\"inLanguage\":\"da-DK\",\"@id\":\"https:\\\/\\\/ginnungagap.art\\\/da\\\/gaarden-the-farm\\\/#primaryimage\",\"url\":\"https:\\\/\\\/ginnungagap.art\\\/wp-content\\\/uploads\\\/2024\\\/06\\\/The-Farm-min-scaled.jpeg\",\"contentUrl\":\"https:\\\/\\\/ginnungagap.art\\\/wp-content\\\/uploads\\\/2024\\\/06\\\/The-Farm-min-scaled.jpeg\"},{\"@type\":\"BreadcrumbList\",\"@id\":\"https:\\\/\\\/ginnungagap.art\\\/da\\\/gaarden-the-farm\\\/#breadcrumb\",\"itemListElement\":[{\"@type\":\"ListItem\",\"position\":1,\"name\":\"Forside\",\"item\":\"https:\\\/\\\/ginnungagap.art\\\/da\\\/\"},{\"@type\":\"ListItem\",\"position\":2,\"name\":\"G\u00e5rden\"}]},{\"@type\":\"WebSite\",\"@id\":\"https:\\\/\\\/ginnungagap.art\\\/da\\\/#website\",\"url\":\"https:\\\/\\\/ginnungagap.art\\\/da\\\/\",\"name\":\"Ginnungagap Art\",\"description\":\"Sacred Nordic Tattoos\",\"publisher\":{\"@id\":\"https:\\\/\\\/ginnungagap.art\\\/da\\\/#organization\"},\"potentialAction\":[{\"@type\":\"SearchAction\",\"target\":{\"@type\":\"EntryPoint\",\"urlTemplate\":\"https:\\\/\\\/ginnungagap.art\\\/da\\\/?s={search_term_string}\"},\"query-input\":{\"@type\":\"PropertyValueSpecification\",\"valueRequired\":true,\"valueName\":\"search_term_string\"}}],\"inLanguage\":\"da-DK\"},{\"@type\":\"Organization\",\"@id\":\"https:\\\/\\\/ginnungagap.art\\\/da\\\/#organization\",\"name\":\"Ginnungagap Art\",\"url\":\"https:\\\/\\\/ginnungagap.art\\\/da\\\/\",\"logo\":{\"@type\":\"ImageObject\",\"inLanguage\":\"da-DK\",\"@id\":\"https:\\\/\\\/ginnungagap.art\\\/da\\\/#\\\/schema\\\/logo\\\/image\\\/\",\"url\":\"https:\\\/\\\/ginnungagap.art\\\/wp-content\\\/uploads\\\/2024\\\/04\\\/ginnungagap-logo-02.svg\",\"contentUrl\":\"https:\\\/\\\/ginnungagap.art\\\/wp-content\\\/uploads\\\/2024\\\/04\\\/ginnungagap-logo-02.svg\",\"caption\":\"Ginnungagap Art\"},\"image\":{\"@id\":\"https:\\\/\\\/ginnungagap.art\\\/da\\\/#\\\/schema\\\/logo\\\/image\\\/\"}}]}<\/script>\n<!-- \/ Yoast SEO plugin. -->","yoast_head_json":{"title":"G\u00e5rden | Ginnungagap Art","robots":{"index":"index","follow":"follow","max-snippet":"max-snippet:-1","max-image-preview":"max-image-preview:large","max-video-preview":"max-video-preview:-1"},"canonical":"https:\/\/ginnungagap.art\/da\/gaarden-the-farm\/","og_locale":"da_DK","og_type":"article","og_title":"G\u00e5rden | Ginnungagap Art","og_description":"P\u00e5 Fyn, midt i Danmark, k\u00f8bte vi i 2019 g\u00e5rden og flyttede b\u00e5de vores studie og os selv ud af K\u00f8benhavn. Vi havde l\u00e6nge ledt efter et sted uden for byen, hvor der var mere luft, plads og frihed. Det var vores h\u00e5b, at vores kunder fra udlandet ikke ville blive afskr\u00e6kket af, at studiet ... L\u00e6s Mere","og_url":"https:\/\/ginnungagap.art\/da\/gaarden-the-farm\/","og_site_name":"Ginnungagap Art","article_modified_time":"2025-11-28T11:57:19+00:00","og_image":[{"width":2048,"height":1466,"url":"https:\/\/ginnungagap.art\/wp-content\/uploads\/2024\/06\/The-Farm-min-scaled.jpeg","type":"image\/jpeg"}],"twitter_card":"summary_large_image","twitter_misc":{"Estimeret l\u00e6setid":"2 minutter"},"schema":{"@context":"https:\/\/schema.org","@graph":[{"@type":"WebPage","@id":"https:\/\/ginnungagap.art\/da\/gaarden-the-farm\/","url":"https:\/\/ginnungagap.art\/da\/gaarden-the-farm\/","name":"G\u00e5rden | Ginnungagap Art","isPartOf":{"@id":"https:\/\/ginnungagap.art\/da\/#website"},"primaryImageOfPage":{"@id":"https:\/\/ginnungagap.art\/da\/gaarden-the-farm\/#primaryimage"},"image":{"@id":"https:\/\/ginnungagap.art\/da\/gaarden-the-farm\/#primaryimage"},"thumbnailUrl":"https:\/\/ginnungagap.art\/wp-content\/uploads\/2024\/06\/The-Farm-min-scaled.jpeg","datePublished":"2024-04-16T10:36:27+00:00","dateModified":"2025-11-28T11:57:19+00:00","breadcrumb":{"@id":"https:\/\/ginnungagap.art\/da\/gaarden-the-farm\/#breadcrumb"},"inLanguage":"da-DK","potentialAction":[{"@type":"ReadAction","target":["https:\/\/ginnungagap.art\/da\/gaarden-the-farm\/"]}]},{"@type":"ImageObject","inLanguage":"da-DK","@id":"https:\/\/ginnungagap.art\/da\/gaarden-the-farm\/#primaryimage","url":"https:\/\/ginnungagap.art\/wp-content\/uploads\/2024\/06\/The-Farm-min-scaled.jpeg","contentUrl":"https:\/\/ginnungagap.art\/wp-content\/uploads\/2024\/06\/The-Farm-min-scaled.jpeg"},{"@type":"BreadcrumbList","@id":"https:\/\/ginnungagap.art\/da\/gaarden-the-farm\/#breadcrumb","itemListElement":[{"@type":"ListItem","position":1,"name":"Forside","item":"https:\/\/ginnungagap.art\/da\/"},{"@type":"ListItem","position":2,"name":"G\u00e5rden"}]},{"@type":"WebSite","@id":"https:\/\/ginnungagap.art\/da\/#website","url":"https:\/\/ginnungagap.art\/da\/","name":"Ginnungagap Art","description":"Sacred Nordic Tattoos","publisher":{"@id":"https:\/\/ginnungagap.art\/da\/#organization"},"potentialAction":[{"@type":"SearchAction","target":{"@type":"EntryPoint","urlTemplate":"https:\/\/ginnungagap.art\/da\/?s={search_term_string}"},"query-input":{"@type":"PropertyValueSpecification","valueRequired":true,"valueName":"search_term_string"}}],"inLanguage":"da-DK"},{"@type":"Organization","@id":"https:\/\/ginnungagap.art\/da\/#organization","name":"Ginnungagap Art","url":"https:\/\/ginnungagap.art\/da\/","logo":{"@type":"ImageObject","inLanguage":"da-DK","@id":"https:\/\/ginnungagap.art\/da\/#\/schema\/logo\/image\/","url":"https:\/\/ginnungagap.art\/wp-content\/uploads\/2024\/04\/ginnungagap-logo-02.svg","contentUrl":"https:\/\/ginnungagap.art\/wp-content\/uploads\/2024\/04\/ginnungagap-logo-02.svg","caption":"Ginnungagap Art"},"image":{"@id":"https:\/\/ginnungagap.art\/da\/#\/schema\/logo\/image\/"}}]}},"_links":{"self":[{"href":"https:\/\/ginnungagap.art\/da\/wp-json\/wp\/v2\/pages\/9798","targetHints":{"allow":["GET"]}}],"collection":[{"href":"https:\/\/ginnungagap.art\/da\/wp-json\/wp\/v2\/pages"}],"about":[{"href":"https:\/\/ginnungagap.art\/da\/wp-json\/wp\/v2\/types\/page"}],"author":[{"embeddable":true,"href":"https:\/\/ginnungagap.art\/da\/wp-json\/wp\/v2\/users\/8"}],"replies":[{"embeddable":true,"href":"https:\/\/ginnungagap.art\/da\/wp-json\/wp\/v2\/comments?post=9798"}],"version-history":[{"count":6,"href":"https:\/\/ginnungagap.art\/da\/wp-json\/wp\/v2\/pages\/9798\/revisions"}],"predecessor-version":[{"id":10335,"href":"https:\/\/ginnungagap.art\/da\/wp-json\/wp\/v2\/pages\/9798\/revisions\/10335"}],"wp:attachment":[{"href":"https:\/\/ginnungagap.art\/da\/wp-json\/wp\/v2\/media?parent=9798"}],"wp:term":[{"taxonomy":"category","embeddable":true,"href":"https:\/\/ginnungagap.art\/da\/wp-json\/wp\/v2\/categories?post=9798"}],"curies":[{"name":"wp","href":"https:\/\/api.w.org\/{rel}","templated":true}]}}