{"id":9800,"date":"2024-04-16T12:36:27","date_gmt":"2024-04-16T10:36:27","guid":{"rendered":"https:\/\/ginnungagap.art\/studiet\/"},"modified":"2025-11-28T12:57:31","modified_gmt":"2025-11-28T11:57:31","slug":"studiet","status":"publish","type":"page","link":"https:\/\/ginnungagap.art\/da\/studiet\/","title":{"rendered":"Studiet"},"content":{"rendered":"\t\t<div data-elementor-type=\"wp-page\" data-elementor-id=\"9800\" class=\"elementor elementor-9800 elementor-8531\" data-elementor-post-type=\"page\">\n\t\t\t\t<div class=\"elementor-element elementor-element-5bd2cb6d e-flex e-con-boxed e-con e-parent\" data-id=\"5bd2cb6d\" data-element_type=\"container\" data-e-type=\"container\">\n\t\t\t\t\t<div class=\"e-con-inner\">\n\t\t<div class=\"elementor-element elementor-element-468f177e e-con-full e-flex e-con e-child\" data-id=\"468f177e\" data-element_type=\"container\" data-e-type=\"container\">\n\t\t\t\t<div class=\"elementor-element elementor-element-2bb161be elementor-widget elementor-widget-text-editor\" data-id=\"2bb161be\" data-element_type=\"widget\" data-e-type=\"widget\" data-widget_type=\"text-editor.default\">\n\t\t\t\t<div class=\"elementor-widget-container\">\n\t\t\t\t\t\t\t\t\t<h2>Ginnungagap<\/h2>\n<p>Ginnungagap er tomrummet f\u00f8r alting. I nordisk mytologi er det her, hvor ild og is m\u00f8des og skaber det f\u00f8rste v\u00e6sen, j\u00e6tten Ymir, hvorfra verden skabes. Ginnungagap er det intet, der n\u00f8dvendigvis m\u00e5 blive til noget. Uundg\u00e5eligheden af skabelsen.   <\/p>\n<p>Vores studie-symbol \u2013 Ginnungagap-runen \u2013 er vores b\u00f8n og velsignelse. Foreningen af jord og \u00e5nd, gudinden og guden. Vores f\u00f8dder solidt plantet p\u00e5 jorden og vores hoved i himlen.  <\/p>\n<p>Vores banner, som vi tager med til markeder og konventioner, er lavet med meget k\u00e6rlighed over mange m\u00e5neder. Det er h\u00e5ndbroderet med silketr\u00e5d p\u00e5 et traditionelt h\u00e5ndfarvet h\u00f8r-l\u00e6rred. <\/p>\n<p>Baggrundsm\u00f8nsteret er en kombination af et v\u00e6vem\u00f8nster, der blandt andet er fundet p\u00e5 et dolkesk\u00e6fte fra omkring \u00e5r 900 \u2013 et m\u00f8nster, som Uffe ofte bruger i sine tatoveringer, hvor det nogle gange symboliserer rustning eller pels. Overlagt er et mere moderne geometrisk m\u00f8nster, der v\u00e6ver nyt sammen med gammelt. (Designet af vores gode ven Jacob Nesnetsirhc). Vi synes, det symboliserer, hvad vi g\u00f8r, p\u00e5 fin vis.   <\/p>\n\t\t\t\t\t\t\t\t<\/div>\n\t\t\t\t<\/div>\n\t\t\t\t<div class=\"elementor-element elementor-element-d0fb51d elementor-align-left elementor-widget elementor-widget-button\" data-id=\"d0fb51d\" data-element_type=\"widget\" data-e-type=\"widget\" data-widget_type=\"button.default\">\n\t\t\t\t<div class=\"elementor-widget-container\">\n\t\t\t\t\t\t\t\t\t<div class=\"elementor-button-wrapper\">\n\t\t\t\t\t<a class=\"elementor-button elementor-button-link elementor-size-sm\" href=\"\/kontakt\/\" target=\"_blank\">\n\t\t\t\t\t\t<span class=\"elementor-button-content-wrapper\">\n\t\t\t\t\t\t\t\t\t<span class=\"elementor-button-text\">Book her<\/span>\n\t\t\t\t\t<\/span>\n\t\t\t\t\t<\/a>\n\t\t\t\t<\/div>\n\t\t\t\t\t\t\t\t<\/div>\n\t\t\t\t<\/div>\n\t\t\t\t<\/div>\n\t\t<div class=\"elementor-element elementor-element-f24e645 e-con-full e-flex e-con e-child\" data-id=\"f24e645\" data-element_type=\"container\" data-e-type=\"container\">\n\t\t\t\t<div class=\"elementor-element elementor-element-220a383 elementor-widget elementor-widget-image\" data-id=\"220a383\" data-element_type=\"widget\" data-e-type=\"widget\" data-widget_type=\"image.default\">\n\t\t\t\t<div class=\"elementor-widget-container\">\n\t\t\t\t\t\t\t\t\t\t\t\t\t\t\t<img decoding=\"async\" width=\"1491\" height=\"2048\" src=\"https:\/\/ginnungagap.art\/wp-content\/uploads\/2024\/04\/IMG_0975-3-scaled-1.jpg\" class=\"attachment-full size-full wp-image-9744\" alt=\"\" srcset=\"https:\/\/ginnungagap.art\/wp-content\/uploads\/2024\/04\/IMG_0975-3-scaled-1.jpg 1491w, https:\/\/ginnungagap.art\/wp-content\/uploads\/2024\/04\/IMG_0975-3-scaled-1-768x1055.jpg 768w, https:\/\/ginnungagap.art\/wp-content\/uploads\/2024\/04\/IMG_0975-3-scaled-1-1118x1536.jpg 1118w\" sizes=\"(max-width: 1491px) 100vw, 1491px\" \/>\t\t\t\t\t\t\t\t\t\t\t\t\t\t\t<\/div>\n\t\t\t\t<\/div>\n\t\t\t\t<\/div>\n\t\t\t\t\t<\/div>\n\t\t\t\t<\/div>\n\t\t<div class=\"elementor-element elementor-element-9dc6cb7 e-flex e-con-boxed e-con e-parent\" data-id=\"9dc6cb7\" data-element_type=\"container\" data-e-type=\"container\">\n\t\t\t\t\t<div class=\"e-con-inner\">\n\t\t<div class=\"elementor-element elementor-element-c92363d e-flex e-con-boxed e-con e-child\" data-id=\"c92363d\" data-element_type=\"container\" data-e-type=\"container\">\n\t\t\t\t\t<div class=\"e-con-inner\">\n\t\t\t\t<div class=\"elementor-element elementor-element-2930acf elementor-widget elementor-widget-text-editor\" data-id=\"2930acf\" data-element_type=\"widget\" data-e-type=\"widget\" data-widget_type=\"text-editor.default\">\n\t\t\t\t<div class=\"elementor-widget-container\">\n\t\t\t\t\t\t\t\t\t<h3>Skriv til os<\/h3>\t\t\t\t\t\t\t\t<\/div>\n\t\t\t\t<\/div>\n\t\t\t\t<div class=\"elementor-element elementor-element-79628f3 elementor-widget elementor-widget-shortcode\" data-id=\"79628f3\" data-element_type=\"widget\" data-e-type=\"widget\" data-widget_type=\"shortcode.default\">\n\t\t\t\t<div class=\"elementor-widget-container\">\n\t\t\t\t\t\t\t<div class=\"elementor-shortcode\"><form id=\"forminator-module-66\" class=\"forminator-custom-form forminator-custom-form-66\" method=\"post\" data-forminator-render=\"0\" data-uid=\"69dff99313b3e\"><div role=\"alert\" aria-live=\"polite\" class=\"forminator-response-message forminator-error\" aria-hidden=\"true\"><\/div><\/form><\/div>\n\t\t\t\t\t\t<\/div>\n\t\t\t\t<\/div>\n\t\t\t\t\t<\/div>\n\t\t\t\t<\/div>\n\t\t\t\t\t<\/div>\n\t\t\t\t<\/div>\n\t\t<div class=\"elementor-element elementor-element-b973476 e-flex e-con-boxed e-con e-parent\" data-id=\"b973476\" data-element_type=\"container\" data-e-type=\"container\">\n\t\t\t\t\t<div class=\"e-con-inner\">\n\t\t<div class=\"elementor-element elementor-element-97a74cb e-con-full e-flex e-con e-child\" data-id=\"97a74cb\" data-element_type=\"container\" data-e-type=\"container\">\n\t\t\t\t<div class=\"elementor-element elementor-element-75253eb6 elementor-widget elementor-widget-image\" data-id=\"75253eb6\" data-element_type=\"widget\" data-e-type=\"widget\" data-widget_type=\"image.default\">\n\t\t\t\t<div class=\"elementor-widget-container\">\n\t\t\t\t\t\t\t\t\t\t\t\t\t\t\t<img decoding=\"async\" width=\"2048\" height=\"1467\" src=\"https:\/\/ginnungagap.art\/wp-content\/uploads\/2024\/04\/DSC_0021-scaled-1.jpg\" class=\"attachment-full size-full wp-image-9745\" alt=\"\" srcset=\"https:\/\/ginnungagap.art\/wp-content\/uploads\/2024\/04\/DSC_0021-scaled-1.jpg 2048w, https:\/\/ginnungagap.art\/wp-content\/uploads\/2024\/04\/DSC_0021-scaled-1-768x550.jpg 768w, https:\/\/ginnungagap.art\/wp-content\/uploads\/2024\/04\/DSC_0021-scaled-1-1536x1100.jpg 1536w\" sizes=\"(max-width: 2048px) 100vw, 2048px\" \/>\t\t\t\t\t\t\t\t\t\t\t\t\t\t\t<\/div>\n\t\t\t\t<\/div>\n\t\t\t\t<\/div>\n\t\t<div class=\"elementor-element elementor-element-713babb e-con-full e-flex e-con e-child\" data-id=\"713babb\" data-element_type=\"container\" data-e-type=\"container\">\n\t\t\t\t<div class=\"elementor-element elementor-element-8a0d44f elementor-widget elementor-widget-text-editor\" data-id=\"8a0d44f\" data-element_type=\"widget\" data-e-type=\"widget\" data-widget_type=\"text-editor.default\">\n\t\t\t\t<div class=\"elementor-widget-container\">\n\t\t\t\t\t\t\t\t\t<h3>Arbejdspladsen<\/h3>\n<p>Det f\u00f8rste, vi gjorde, da vi flyttede til g\u00e5rden, var at skabe et studierum, der fungerer. Vi har indrettet studiet i den ene ende af hovedhuset. Her g\u00e5r vi p\u00e5 arbejde hver dag. Studiet har plads til vores arbejdsstationer, tegneomr\u00e5de, m\u00f8de-\/kaffebord og bibliotek. Vi synes selv, vi har skabt et b\u00e5de hyggeligt, effektivt og kreativt arbejdsrum.    <\/p>\n<p>Selvom vi er glade for det nuv\u00e6rende studierum, har vi planer for fremtiden, der inkluderer at udnytte noget af pladsen p\u00e5 g\u00e5rden til at skabe et studie, der er adskilt fra hovedhuset med mere plads og, skal vi sige, mere stiliseret til det, vi laver.<\/p>\n\t\t\t\t\t\t\t\t<\/div>\n\t\t\t\t<\/div>\n\t\t\t\t<\/div>\n\t\t\t\t\t<\/div>\n\t\t\t\t<\/div>\n\t\t<div class=\"elementor-element elementor-element-57c1fad6 lightblack e-flex e-con-boxed e-con e-parent\" data-id=\"57c1fad6\" data-element_type=\"container\" data-e-type=\"container\">\n\t\t\t\t\t<div class=\"e-con-inner\">\n\t\t<div class=\"elementor-element elementor-element-93ede6 e-con-full e-flex e-con e-child\" data-id=\"93ede6\" data-element_type=\"container\" data-e-type=\"container\">\n\t\t\t\t<div class=\"elementor-element elementor-element-a253b24 elementor-widget elementor-widget-text-editor\" data-id=\"a253b24\" data-element_type=\"widget\" data-e-type=\"widget\" data-widget_type=\"text-editor.default\">\n\t\t\t\t<div class=\"elementor-widget-container\">\n\t\t\t\t\t\t\t\t\t<h3>Hygiejne og udstyr<\/h3>\n<p>Ginnungagap Art er et registreret tatoveringsstudio, som kr\u00e6vet af dansk lovgivning, og vi er derfor underlagt regelm\u00e6ssige kontrolbes\u00f8g, der sikrer, at vi ved, hvad vi g\u00f8r i forhold til sikkerhed, hygiejne, udstyr osv.<\/p>\n<p>Vi har den viden og erfaring, der kr\u00e6ves for at opretholde et meget h\u00f8jt niveau af hygiejnisk sikkerhed og minimere risikoen for krydskontaminering \u2013 og certifikaterne til at bevise det. <\/p>\n<p>Alt udstyr, der kommer i kontakt med klientens hud, er engangsbrug, og alle n\u00e5le kommer i sterile pakker. Alt udstyr i arbejdsomr\u00e5det er d\u00e6kket af engangsmaterialer under arbejdet, og hver dag bliver arbejdsomr\u00e5det grundigt rengjort og desinficeret. <\/p>\n<p>Tuschpennene, vi bruger til at tegne p\u00e5 huden, er alkoholbaserede og bliver kasseret ved dagens afslutning.<\/p>\n<p>Alle vores farver kommer fra store producenter som: Eternal Inks, Intenze og Silverback Ink, og vi registrerer den anvendte farve p\u00e5 hver enkelt klient, i tilf\u00e6lde af at der skulle opst\u00e5 en reaktion p\u00e5 farven.<\/p>\n\t\t\t\t\t\t\t\t<\/div>\n\t\t\t\t<\/div>\n\t\t\t\t<\/div>\n\t\t<div class=\"elementor-element elementor-element-5e202de8 e-con-full e-flex e-con e-child\" data-id=\"5e202de8\" data-element_type=\"container\" data-e-type=\"container\">\n\t\t\t\t<div class=\"elementor-element elementor-element-2a997aed elementor-widget elementor-widget-image\" data-id=\"2a997aed\" data-element_type=\"widget\" data-e-type=\"widget\" data-widget_type=\"image.default\">\n\t\t\t\t<div class=\"elementor-widget-container\">\n\t\t\t\t\t\t\t\t\t\t\t\t\t\t\t<img decoding=\"async\" width=\"2048\" height=\"1360\" src=\"https:\/\/ginnungagap.art\/wp-content\/uploads\/2024\/04\/DSC_0061-scaled-1.jpg\" class=\"attachment-full size-full wp-image-9746\" alt=\"\" srcset=\"https:\/\/ginnungagap.art\/wp-content\/uploads\/2024\/04\/DSC_0061-scaled-1.jpg 2048w, https:\/\/ginnungagap.art\/wp-content\/uploads\/2024\/04\/DSC_0061-scaled-1-768x510.jpg 768w, https:\/\/ginnungagap.art\/wp-content\/uploads\/2024\/04\/DSC_0061-scaled-1-1536x1020.jpg 1536w\" sizes=\"(max-width: 2048px) 100vw, 2048px\" \/>\t\t\t\t\t\t\t\t\t\t\t\t\t\t\t<\/div>\n\t\t\t\t<\/div>\n\t\t\t\t<\/div>\n\t\t\t\t\t<\/div>\n\t\t\t\t<\/div>\n\t\t\t\t<\/div>\n\t\t","protected":false},"excerpt":{"rendered":"<p>Ginnungagap Ginnungagap er tomrummet f\u00f8r alting. I nordisk mytologi er det her, hvor ild og is m\u00f8des og skaber det f\u00f8rste v\u00e6sen, j\u00e6tten Ymir, hvorfra verden skabes. Ginnungagap er det intet, der n\u00f8dvendigvis m\u00e5 blive til noget. Uundg\u00e5eligheden af skabelsen. Vores studie-symbol \u2013 Ginnungagap-runen \u2013 er vores b\u00f8n og velsignelse. Foreningen af jord og \u00e5nd, &#8230; <a title=\"Studiet\" class=\"read-more\" href=\"https:\/\/ginnungagap.art\/da\/studiet\/\" aria-label=\"Read more about Studiet\">L\u00e6s Mere<\/a><\/p>\n","protected":false},"author":8,"featured_media":0,"parent":0,"menu_order":1004,"comment_status":"closed","ping_status":"closed","template":"","meta":{"_acf_changed":false,"footnotes":""},"categories":[],"class_list":["post-9800","page","type-page","status-publish"],"acf":[],"yoast_head":"<!-- This site is optimized with the Yoast SEO plugin v27.4 - https:\/\/yoast.com\/product\/yoast-seo-wordpress\/ -->\n<title>Studiet | Ginnungagap Art<\/title>\n<meta name=\"robots\" content=\"index, follow, max-snippet:-1, max-image-preview:large, max-video-preview:-1\" \/>\n<link rel=\"canonical\" href=\"https:\/\/ginnungagap.art\/da\/studiet\/\" \/>\n<meta property=\"og:locale\" content=\"da_DK\" \/>\n<meta property=\"og:type\" content=\"article\" \/>\n<meta property=\"og:title\" content=\"Studiet | Ginnungagap Art\" \/>\n<meta property=\"og:description\" content=\"Ginnungagap Ginnungagap er tomrummet f\u00f8r alting. I nordisk mytologi er det her, hvor ild og is m\u00f8des og skaber det f\u00f8rste v\u00e6sen, j\u00e6tten Ymir, hvorfra verden skabes. Ginnungagap er det intet, der n\u00f8dvendigvis m\u00e5 blive til noget. Uundg\u00e5eligheden af skabelsen. Vores studie-symbol \u2013 Ginnungagap-runen \u2013 er vores b\u00f8n og velsignelse. Foreningen af jord og \u00e5nd, ... L\u00e6s Mere\" \/>\n<meta property=\"og:url\" content=\"https:\/\/ginnungagap.art\/da\/studiet\/\" \/>\n<meta property=\"og:site_name\" content=\"Ginnungagap Art\" \/>\n<meta property=\"article:modified_time\" content=\"2025-11-28T11:57:31+00:00\" \/>\n<meta property=\"og:image\" content=\"https:\/\/ginnungagap.art\/wp-content\/uploads\/2024\/04\/IMG_0975-3-scaled-1.jpg\" \/>\n\t<meta property=\"og:image:width\" content=\"1491\" \/>\n\t<meta property=\"og:image:height\" content=\"2048\" \/>\n\t<meta property=\"og:image:type\" content=\"image\/jpeg\" \/>\n<meta name=\"twitter:card\" content=\"summary_large_image\" \/>\n<meta name=\"twitter:label1\" content=\"Estimeret l\u00e6setid\" \/>\n\t<meta name=\"twitter:data1\" content=\"2 minutter\" \/>\n<script type=\"application\/ld+json\" class=\"yoast-schema-graph\">{\"@context\":\"https:\\\/\\\/schema.org\",\"@graph\":[{\"@type\":\"WebPage\",\"@id\":\"https:\\\/\\\/ginnungagap.art\\\/da\\\/studiet\\\/\",\"url\":\"https:\\\/\\\/ginnungagap.art\\\/da\\\/studiet\\\/\",\"name\":\"Studiet | Ginnungagap Art\",\"isPartOf\":{\"@id\":\"https:\\\/\\\/ginnungagap.art\\\/da\\\/#website\"},\"primaryImageOfPage\":{\"@id\":\"https:\\\/\\\/ginnungagap.art\\\/da\\\/studiet\\\/#primaryimage\"},\"image\":{\"@id\":\"https:\\\/\\\/ginnungagap.art\\\/da\\\/studiet\\\/#primaryimage\"},\"thumbnailUrl\":\"https:\\\/\\\/ginnungagap.art\\\/wp-content\\\/uploads\\\/2024\\\/04\\\/IMG_0975-3-scaled-1.jpg\",\"datePublished\":\"2024-04-16T10:36:27+00:00\",\"dateModified\":\"2025-11-28T11:57:31+00:00\",\"breadcrumb\":{\"@id\":\"https:\\\/\\\/ginnungagap.art\\\/da\\\/studiet\\\/#breadcrumb\"},\"inLanguage\":\"da-DK\",\"potentialAction\":[{\"@type\":\"ReadAction\",\"target\":[\"https:\\\/\\\/ginnungagap.art\\\/da\\\/studiet\\\/\"]}]},{\"@type\":\"ImageObject\",\"inLanguage\":\"da-DK\",\"@id\":\"https:\\\/\\\/ginnungagap.art\\\/da\\\/studiet\\\/#primaryimage\",\"url\":\"https:\\\/\\\/ginnungagap.art\\\/wp-content\\\/uploads\\\/2024\\\/04\\\/IMG_0975-3-scaled-1.jpg\",\"contentUrl\":\"https:\\\/\\\/ginnungagap.art\\\/wp-content\\\/uploads\\\/2024\\\/04\\\/IMG_0975-3-scaled-1.jpg\"},{\"@type\":\"BreadcrumbList\",\"@id\":\"https:\\\/\\\/ginnungagap.art\\\/da\\\/studiet\\\/#breadcrumb\",\"itemListElement\":[{\"@type\":\"ListItem\",\"position\":1,\"name\":\"Forside\",\"item\":\"https:\\\/\\\/ginnungagap.art\\\/da\\\/\"},{\"@type\":\"ListItem\",\"position\":2,\"name\":\"Studiet\"}]},{\"@type\":\"WebSite\",\"@id\":\"https:\\\/\\\/ginnungagap.art\\\/da\\\/#website\",\"url\":\"https:\\\/\\\/ginnungagap.art\\\/da\\\/\",\"name\":\"Ginnungagap Art\",\"description\":\"Sacred Nordic Tattoos\",\"publisher\":{\"@id\":\"https:\\\/\\\/ginnungagap.art\\\/da\\\/#organization\"},\"potentialAction\":[{\"@type\":\"SearchAction\",\"target\":{\"@type\":\"EntryPoint\",\"urlTemplate\":\"https:\\\/\\\/ginnungagap.art\\\/da\\\/?s={search_term_string}\"},\"query-input\":{\"@type\":\"PropertyValueSpecification\",\"valueRequired\":true,\"valueName\":\"search_term_string\"}}],\"inLanguage\":\"da-DK\"},{\"@type\":\"Organization\",\"@id\":\"https:\\\/\\\/ginnungagap.art\\\/da\\\/#organization\",\"name\":\"Ginnungagap Art\",\"url\":\"https:\\\/\\\/ginnungagap.art\\\/da\\\/\",\"logo\":{\"@type\":\"ImageObject\",\"inLanguage\":\"da-DK\",\"@id\":\"https:\\\/\\\/ginnungagap.art\\\/da\\\/#\\\/schema\\\/logo\\\/image\\\/\",\"url\":\"https:\\\/\\\/ginnungagap.art\\\/wp-content\\\/uploads\\\/2024\\\/04\\\/ginnungagap-logo-02.svg\",\"contentUrl\":\"https:\\\/\\\/ginnungagap.art\\\/wp-content\\\/uploads\\\/2024\\\/04\\\/ginnungagap-logo-02.svg\",\"caption\":\"Ginnungagap Art\"},\"image\":{\"@id\":\"https:\\\/\\\/ginnungagap.art\\\/da\\\/#\\\/schema\\\/logo\\\/image\\\/\"}}]}<\/script>\n<!-- \/ Yoast SEO plugin. -->","yoast_head_json":{"title":"Studiet | Ginnungagap Art","robots":{"index":"index","follow":"follow","max-snippet":"max-snippet:-1","max-image-preview":"max-image-preview:large","max-video-preview":"max-video-preview:-1"},"canonical":"https:\/\/ginnungagap.art\/da\/studiet\/","og_locale":"da_DK","og_type":"article","og_title":"Studiet | Ginnungagap Art","og_description":"Ginnungagap Ginnungagap er tomrummet f\u00f8r alting. I nordisk mytologi er det her, hvor ild og is m\u00f8des og skaber det f\u00f8rste v\u00e6sen, j\u00e6tten Ymir, hvorfra verden skabes. Ginnungagap er det intet, der n\u00f8dvendigvis m\u00e5 blive til noget. Uundg\u00e5eligheden af skabelsen. Vores studie-symbol \u2013 Ginnungagap-runen \u2013 er vores b\u00f8n og velsignelse. Foreningen af jord og \u00e5nd, ... L\u00e6s Mere","og_url":"https:\/\/ginnungagap.art\/da\/studiet\/","og_site_name":"Ginnungagap Art","article_modified_time":"2025-11-28T11:57:31+00:00","og_image":[{"width":1491,"height":2048,"url":"https:\/\/ginnungagap.art\/wp-content\/uploads\/2024\/04\/IMG_0975-3-scaled-1.jpg","type":"image\/jpeg"}],"twitter_card":"summary_large_image","twitter_misc":{"Estimeret l\u00e6setid":"2 minutter"},"schema":{"@context":"https:\/\/schema.org","@graph":[{"@type":"WebPage","@id":"https:\/\/ginnungagap.art\/da\/studiet\/","url":"https:\/\/ginnungagap.art\/da\/studiet\/","name":"Studiet | Ginnungagap Art","isPartOf":{"@id":"https:\/\/ginnungagap.art\/da\/#website"},"primaryImageOfPage":{"@id":"https:\/\/ginnungagap.art\/da\/studiet\/#primaryimage"},"image":{"@id":"https:\/\/ginnungagap.art\/da\/studiet\/#primaryimage"},"thumbnailUrl":"https:\/\/ginnungagap.art\/wp-content\/uploads\/2024\/04\/IMG_0975-3-scaled-1.jpg","datePublished":"2024-04-16T10:36:27+00:00","dateModified":"2025-11-28T11:57:31+00:00","breadcrumb":{"@id":"https:\/\/ginnungagap.art\/da\/studiet\/#breadcrumb"},"inLanguage":"da-DK","potentialAction":[{"@type":"ReadAction","target":["https:\/\/ginnungagap.art\/da\/studiet\/"]}]},{"@type":"ImageObject","inLanguage":"da-DK","@id":"https:\/\/ginnungagap.art\/da\/studiet\/#primaryimage","url":"https:\/\/ginnungagap.art\/wp-content\/uploads\/2024\/04\/IMG_0975-3-scaled-1.jpg","contentUrl":"https:\/\/ginnungagap.art\/wp-content\/uploads\/2024\/04\/IMG_0975-3-scaled-1.jpg"},{"@type":"BreadcrumbList","@id":"https:\/\/ginnungagap.art\/da\/studiet\/#breadcrumb","itemListElement":[{"@type":"ListItem","position":1,"name":"Forside","item":"https:\/\/ginnungagap.art\/da\/"},{"@type":"ListItem","position":2,"name":"Studiet"}]},{"@type":"WebSite","@id":"https:\/\/ginnungagap.art\/da\/#website","url":"https:\/\/ginnungagap.art\/da\/","name":"Ginnungagap Art","description":"Sacred Nordic Tattoos","publisher":{"@id":"https:\/\/ginnungagap.art\/da\/#organization"},"potentialAction":[{"@type":"SearchAction","target":{"@type":"EntryPoint","urlTemplate":"https:\/\/ginnungagap.art\/da\/?s={search_term_string}"},"query-input":{"@type":"PropertyValueSpecification","valueRequired":true,"valueName":"search_term_string"}}],"inLanguage":"da-DK"},{"@type":"Organization","@id":"https:\/\/ginnungagap.art\/da\/#organization","name":"Ginnungagap Art","url":"https:\/\/ginnungagap.art\/da\/","logo":{"@type":"ImageObject","inLanguage":"da-DK","@id":"https:\/\/ginnungagap.art\/da\/#\/schema\/logo\/image\/","url":"https:\/\/ginnungagap.art\/wp-content\/uploads\/2024\/04\/ginnungagap-logo-02.svg","contentUrl":"https:\/\/ginnungagap.art\/wp-content\/uploads\/2024\/04\/ginnungagap-logo-02.svg","caption":"Ginnungagap Art"},"image":{"@id":"https:\/\/ginnungagap.art\/da\/#\/schema\/logo\/image\/"}}]}},"_links":{"self":[{"href":"https:\/\/ginnungagap.art\/da\/wp-json\/wp\/v2\/pages\/9800","targetHints":{"allow":["GET"]}}],"collection":[{"href":"https:\/\/ginnungagap.art\/da\/wp-json\/wp\/v2\/pages"}],"about":[{"href":"https:\/\/ginnungagap.art\/da\/wp-json\/wp\/v2\/types\/page"}],"author":[{"embeddable":true,"href":"https:\/\/ginnungagap.art\/da\/wp-json\/wp\/v2\/users\/8"}],"replies":[{"embeddable":true,"href":"https:\/\/ginnungagap.art\/da\/wp-json\/wp\/v2\/comments?post=9800"}],"version-history":[{"count":6,"href":"https:\/\/ginnungagap.art\/da\/wp-json\/wp\/v2\/pages\/9800\/revisions"}],"predecessor-version":[{"id":10338,"href":"https:\/\/ginnungagap.art\/da\/wp-json\/wp\/v2\/pages\/9800\/revisions\/10338"}],"wp:attachment":[{"href":"https:\/\/ginnungagap.art\/da\/wp-json\/wp\/v2\/media?parent=9800"}],"wp:term":[{"taxonomy":"category","embeddable":true,"href":"https:\/\/ginnungagap.art\/da\/wp-json\/wp\/v2\/categories?post=9800"}],"curies":[{"name":"wp","href":"https:\/\/api.w.org\/{rel}","templated":true}]}}