{"id":9802,"date":"2024-04-16T12:36:27","date_gmt":"2024-04-16T10:36:27","guid":{"rendered":"https:\/\/ginnungagap.art\/priser\/"},"modified":"2025-11-28T12:57:47","modified_gmt":"2025-11-28T11:57:47","slug":"priser","status":"publish","type":"page","link":"https:\/\/ginnungagap.art\/da\/priser\/","title":{"rendered":"Priser"},"content":{"rendered":"\t\t<div data-elementor-type=\"wp-page\" data-elementor-id=\"9802\" class=\"elementor elementor-9802 elementor-8532\" data-elementor-post-type=\"page\">\n\t\t\t\t<div class=\"elementor-element elementor-element-469d59b0 e-flex e-con-boxed e-con e-parent\" data-id=\"469d59b0\" data-element_type=\"container\" data-e-type=\"container\">\n\t\t\t\t\t<div class=\"e-con-inner\">\n\t\t<div class=\"elementor-element elementor-element-67c4d5d4 e-con-full e-flex e-con e-child\" data-id=\"67c4d5d4\" data-element_type=\"container\" data-e-type=\"container\">\n\t\t\t\t<div class=\"elementor-element elementor-element-3beaeef8 elementor-widget elementor-widget-text-editor\" data-id=\"3beaeef8\" data-element_type=\"widget\" data-e-type=\"widget\" data-widget_type=\"text-editor.default\">\n\t\t\t\t<div class=\"elementor-widget-container\">\n\t\t\t\t\t\t\t\t\t<h2>Dagspriser<\/h2>\n<p>Da vi prim\u00e6rt arbejder p\u00e5 st\u00f8rre projekter, finder vi, at en dagspris giver bedst mening. Vores normale arbejdsdage er fra mandag til fredag fra 10:00 til 17:00, og dagsprisen er 8000 DKK. Individuelle timer koster 1500 DKK pr. time.  <\/p>\n\t\t\t\t\t\t\t\t<\/div>\n\t\t\t\t<\/div>\n\t\t\t\t<div class=\"elementor-element elementor-element-977516f elementor-align-left elementor-widget elementor-widget-button\" data-id=\"977516f\" data-element_type=\"widget\" data-e-type=\"widget\" data-widget_type=\"button.default\">\n\t\t\t\t<div class=\"elementor-widget-container\">\n\t\t\t\t\t\t\t\t\t<div class=\"elementor-button-wrapper\">\n\t\t\t\t\t<a class=\"elementor-button elementor-button-link elementor-size-sm\" href=\"\/kontakt\/\" target=\"_blank\">\n\t\t\t\t\t\t<span class=\"elementor-button-content-wrapper\">\n\t\t\t\t\t\t\t\t\t<span class=\"elementor-button-text\">Book her<\/span>\n\t\t\t\t\t<\/span>\n\t\t\t\t\t<\/a>\n\t\t\t\t<\/div>\n\t\t\t\t\t\t\t\t<\/div>\n\t\t\t\t<\/div>\n\t\t\t\t<div class=\"elementor-element elementor-element-b2de886 elementor-widget elementor-widget-text-editor\" data-id=\"b2de886\" data-element_type=\"widget\" data-e-type=\"widget\" data-widget_type=\"text-editor.default\">\n\t\t\t\t<div class=\"elementor-widget-container\">\n\t\t\t\t\t\t\t\t\t<h3>Depositum<\/h3>\n<p>Ved bekr\u00e6ftelse af en booket dag opkr\u00e6ver vi et depositum p\u00e5 1500 DKK pr. dag. Depositummet bliver fratrukket den endelige pris for tatoveringen.  <\/p>\n<p>Eksempel: Hvis du skal booke tre dage til dit projekt, beder vi om et depositum p\u00e5 4500 DKK for at sikre din booking. De 4500 DKK bliver fratrukket din betaling p\u00e5 arbejdsdagene, s\u00e5 du ved slutningen af hver dag betaler restbel\u00f8bet.  <\/p>\n<p>Din booking er f\u00f8rst gyldig, n\u00e5r vi har modtaget depositummet. N\u00e5r vi har aftalt dagene for din aftale, beder vi dig om at overf\u00f8re depositummet hurtigst muligt og inden for tre dage for at f\u00e6rdigg\u00f8re aftalen. Dette g\u00f8r vi for at kunne yde den bedst mulige service til dem, der sp\u00f8rger om ledige datoer.  <\/p>\n<p><strong>Depositummet kan overf\u00f8res via Paypal:<\/strong> tattoo@ginnungagap.art<\/p>\n<p>eller<\/p>\n<p><strong>via bankoverf\u00f8rsel:<\/strong><\/p>\n<p><strong>Totalbanken<\/strong><\/p>\n<p><strong>Registreringsnummer:<\/strong> 6880<br \/><strong>Kontonummer:<\/strong> 1106649<br \/><strong>BIC\/Swift Code:<\/strong> BAAADK21<br \/><strong>IBAN:<\/strong> DK3368800001106649<\/p>\n<p><strong>Kontohaver:<\/strong> Ginnungagap Art \u2013 Uffe Berenth Hansen<br \/><strong>Gadekadresse for banken:<\/strong> Totalbanken A\/S, Bredgade 95, 5560 Aarup<\/p>\n<p>Depositummet er ikke refunderbart.<\/p>\n\t\t\t\t\t\t\t\t<\/div>\n\t\t\t\t<\/div>\n\t\t\t\t<div class=\"elementor-element elementor-element-ad1fa04 elementor-align-left elementor-widget elementor-widget-button\" data-id=\"ad1fa04\" data-element_type=\"widget\" data-e-type=\"widget\" data-widget_type=\"button.default\">\n\t\t\t\t<div class=\"elementor-widget-container\">\n\t\t\t\t\t\t\t\t\t<div class=\"elementor-button-wrapper\">\n\t\t\t\t\t<a class=\"elementor-button elementor-button-link elementor-size-sm\" href=\"\/kontakt\/\" target=\"_blank\">\n\t\t\t\t\t\t<span class=\"elementor-button-content-wrapper\">\n\t\t\t\t\t\t\t\t\t<span class=\"elementor-button-text\">Book her<\/span>\n\t\t\t\t\t<\/span>\n\t\t\t\t\t<\/a>\n\t\t\t\t<\/div>\n\t\t\t\t\t\t\t\t<\/div>\n\t\t\t\t<\/div>\n\t\t\t\t<\/div>\n\t\t<div class=\"elementor-element elementor-element-552ed407 e-con-full e-flex e-con e-child\" data-id=\"552ed407\" data-element_type=\"container\" data-e-type=\"container\">\n\t\t\t\t<div class=\"elementor-element elementor-element-3ef0c001 elementor-widget elementor-widget-image\" data-id=\"3ef0c001\" data-element_type=\"widget\" data-e-type=\"widget\" data-widget_type=\"image.default\">\n\t\t\t\t<div class=\"elementor-widget-container\">\n\t\t\t\t\t\t\t\t\t\t\t\t\t\t\t<img decoding=\"async\" width=\"1365\" height=\"2048\" src=\"https:\/\/ginnungagap.art\/wp-content\/uploads\/2024\/06\/Prices-1-ul-scaled.jpg\" class=\"attachment-full size-full wp-image-9753\" alt=\"Vikinge tatoveringer p\u00e5 mand\" srcset=\"https:\/\/ginnungagap.art\/wp-content\/uploads\/2024\/06\/Prices-1-ul-scaled.jpg 1365w, https:\/\/ginnungagap.art\/wp-content\/uploads\/2024\/06\/Prices-1-ul-768x1152.jpg 768w, https:\/\/ginnungagap.art\/wp-content\/uploads\/2024\/06\/Prices-1-ul-1024x1536.jpg 1024w\" sizes=\"(max-width: 1365px) 100vw, 1365px\" \/>\t\t\t\t\t\t\t\t\t\t\t\t\t\t\t<\/div>\n\t\t\t\t<\/div>\n\t\t\t\t<\/div>\n\t\t\t\t\t<\/div>\n\t\t\t\t<\/div>\n\t\t<div class=\"elementor-element elementor-element-748690e e-flex e-con-boxed e-con e-parent\" data-id=\"748690e\" data-element_type=\"container\" data-e-type=\"container\">\n\t\t\t\t\t<div class=\"e-con-inner\">\n\t\t<div class=\"elementor-element elementor-element-c7cbecb e-flex e-con-boxed e-con e-child\" data-id=\"c7cbecb\" data-element_type=\"container\" data-e-type=\"container\">\n\t\t\t\t\t<div class=\"e-con-inner\">\n\t\t\t\t<div class=\"elementor-element elementor-element-8029566 elementor-widget elementor-widget-text-editor\" data-id=\"8029566\" data-element_type=\"widget\" data-e-type=\"widget\" data-widget_type=\"text-editor.default\">\n\t\t\t\t<div class=\"elementor-widget-container\">\n\t\t\t\t\t\t\t\t\t<h3>Skriv til os<\/h3>\t\t\t\t\t\t\t\t<\/div>\n\t\t\t\t<\/div>\n\t\t\t\t<div class=\"elementor-element elementor-element-2ae77cd elementor-widget elementor-widget-shortcode\" data-id=\"2ae77cd\" data-element_type=\"widget\" data-e-type=\"widget\" data-widget_type=\"shortcode.default\">\n\t\t\t\t<div class=\"elementor-widget-container\">\n\t\t\t\t\t\t\t<div class=\"elementor-shortcode\"><form id=\"forminator-module-66\" class=\"forminator-custom-form forminator-custom-form-66\" method=\"post\" data-forminator-render=\"0\" data-uid=\"6a007da49c5c1\"><div role=\"alert\" aria-live=\"polite\" class=\"forminator-response-message forminator-error\" aria-hidden=\"true\"><\/div><\/form><\/div>\n\t\t\t\t\t\t<\/div>\n\t\t\t\t<\/div>\n\t\t\t\t\t<\/div>\n\t\t\t\t<\/div>\n\t\t\t\t\t<\/div>\n\t\t\t\t<\/div>\n\t\t<div class=\"elementor-element elementor-element-3f5971b lightblack e-flex e-con-boxed e-con e-parent\" data-id=\"3f5971b\" data-element_type=\"container\" data-e-type=\"container\">\n\t\t\t\t\t<div class=\"e-con-inner\">\n\t\t<div class=\"elementor-element elementor-element-4f722047 e-con-full e-flex e-con e-child\" data-id=\"4f722047\" data-element_type=\"container\" data-e-type=\"container\">\n\t\t\t\t<div class=\"elementor-element elementor-element-3172b1ff elementor-widget elementor-widget-image\" data-id=\"3172b1ff\" data-element_type=\"widget\" data-e-type=\"widget\" data-widget_type=\"image.default\">\n\t\t\t\t<div class=\"elementor-widget-container\">\n\t\t\t\t\t\t\t\t\t\t\t\t\t\t\t<img decoding=\"async\" width=\"1772\" height=\"1772\" src=\"https:\/\/ginnungagap.art\/wp-content\/uploads\/2024\/06\/Prices-2-ul.jpg\" class=\"attachment-full size-full wp-image-9754\" alt=\"\" srcset=\"https:\/\/ginnungagap.art\/wp-content\/uploads\/2024\/06\/Prices-2-ul.jpg 1772w, https:\/\/ginnungagap.art\/wp-content\/uploads\/2024\/06\/Prices-2-ul-768x768.jpg 768w, https:\/\/ginnungagap.art\/wp-content\/uploads\/2024\/06\/Prices-2-ul-1536x1536.jpg 1536w\" sizes=\"(max-width: 1772px) 100vw, 1772px\" \/>\t\t\t\t\t\t\t\t\t\t\t\t\t\t\t<\/div>\n\t\t\t\t<\/div>\n\t\t\t\t<\/div>\n\t\t<div class=\"elementor-element elementor-element-7fbe3aff e-con-full e-flex e-con e-child\" data-id=\"7fbe3aff\" data-element_type=\"container\" data-e-type=\"container\">\n\t\t\t\t<div class=\"elementor-element elementor-element-708f0f8 elementor-widget elementor-widget-text-editor\" data-id=\"708f0f8\" data-element_type=\"widget\" data-e-type=\"widget\" data-widget_type=\"text-editor.default\">\n\t\t\t\t<div class=\"elementor-widget-container\">\n\t\t\t\t\t\t\t\t\t<h3>Hvor meget kan der n\u00e5s p\u00e5 en dag?<\/h3>\n<p>Som en tommelfingerregel svarer en arbejdsdag til cirka 20\u00d730 cm (7\u00d711\u201d) f\u00e6rdig tatovering.<\/p>\n<p>For at f\u00e5 en id\u00e9 om, hvor meget tid dit tatoveringsprojekt kan kr\u00e6ve, kan du placere stykker af trykpapir p\u00e5 din krop for at se, hvor mange stykker der vil d\u00e6kke det omr\u00e5de, hvor du forestiller dig din tatovering. Antallet af ark, der bruges, giver en indikation af antallet af dage, der er n\u00f8dvendige. (Du b\u00f8r nok ikke g\u00f8re dette p\u00e5 et offentligt sted.)  <\/p>\n<p>Dog er st\u00f8rrelse ikke den eneste faktor: Designets kompleksitet, detaljegraden, farverne, hvor let kundens hud er at arbejde med, og kundens evne til at ligge stille og slappe af spiller ogs\u00e5 ind i, hvor meget der kan n\u00e5s p\u00e5 en dag.<\/p>\n<h3>Samarbejde<\/h3>\n<p>Kunstnere kan samarbejde om st\u00f8rre projekter, hvis dette aftales med kunden.<\/p>\n<h3>\u00c6ndring af din aftale<\/h3>\n<p>Du kan \u00e6ndre din aftale op til to gange uden at miste din depositum, s\u00e5 l\u00e6nge du kontakter os mindst ni dage f\u00f8r den bookede dato. Ved tredje \u00e6ndring af en booket dato, eller ved aflysning, bortfalder depositumet. <\/p>\n<h3>Hvordan kan jeg betale?<\/h3>\n<p>Vi accepterer kontanter i DKK, internationale kreditkort eller Apple Pay. Hvis du foretr\u00e6kker at betale via bankoverf\u00f8rsel eller PayPal, beder vi dig om at g\u00f8re det p\u00e5 forh\u00e5nd. Betalingen afsluttes i slutningen af hver arbejdsdag eller p\u00e5 forh\u00e5nd.  <\/p>\n\t\t\t\t\t\t\t\t<\/div>\n\t\t\t\t<\/div>\n\t\t\t\t<\/div>\n\t\t\t\t\t<\/div>\n\t\t\t\t<\/div>\n\t\t\t\t<\/div>\n\t\t","protected":false},"excerpt":{"rendered":"<p>Dagspriser Da vi prim\u00e6rt arbejder p\u00e5 st\u00f8rre projekter, finder vi, at en dagspris giver bedst mening. Vores normale arbejdsdage er fra mandag til fredag fra 10:00 til 17:00, og dagsprisen er 8000 DKK. Individuelle timer koster 1500 DKK pr. time. Book her Depositum Ved bekr\u00e6ftelse af en booket dag opkr\u00e6ver vi et depositum p\u00e5 1500 &#8230; <a title=\"Priser\" class=\"read-more\" href=\"https:\/\/ginnungagap.art\/da\/priser\/\" aria-label=\"Read more about Priser\">L\u00e6s Mere<\/a><\/p>\n","protected":false},"author":8,"featured_media":0,"parent":0,"menu_order":1005,"comment_status":"closed","ping_status":"closed","template":"","meta":{"_acf_changed":false,"footnotes":""},"categories":[],"class_list":["post-9802","page","type-page","status-publish"],"acf":[],"yoast_head":"<!-- This site is optimized with the Yoast SEO plugin v27.5 - https:\/\/yoast.com\/product\/yoast-seo-wordpress\/ -->\n<title>Priser | Ginnungagap Art<\/title>\n<meta name=\"robots\" content=\"index, follow, max-snippet:-1, max-image-preview:large, max-video-preview:-1\" \/>\n<link rel=\"canonical\" href=\"https:\/\/ginnungagap.art\/da\/priser\/\" \/>\n<meta property=\"og:locale\" content=\"da_DK\" \/>\n<meta property=\"og:type\" content=\"article\" \/>\n<meta property=\"og:title\" content=\"Priser | Ginnungagap Art\" \/>\n<meta property=\"og:description\" content=\"Dagspriser Da vi prim\u00e6rt arbejder p\u00e5 st\u00f8rre projekter, finder vi, at en dagspris giver bedst mening. Vores normale arbejdsdage er fra mandag til fredag fra 10:00 til 17:00, og dagsprisen er 8000 DKK. Individuelle timer koster 1500 DKK pr. time. Book her Depositum Ved bekr\u00e6ftelse af en booket dag opkr\u00e6ver vi et depositum p\u00e5 1500 ... L\u00e6s Mere\" \/>\n<meta property=\"og:url\" content=\"https:\/\/ginnungagap.art\/da\/priser\/\" \/>\n<meta property=\"og:site_name\" content=\"Ginnungagap Art\" \/>\n<meta property=\"article:modified_time\" content=\"2025-11-28T11:57:47+00:00\" \/>\n<meta property=\"og:image\" content=\"https:\/\/ginnungagap.art\/wp-content\/uploads\/2024\/06\/Prices-1-ul-scaled.jpg\" \/>\n\t<meta property=\"og:image:width\" content=\"1365\" \/>\n\t<meta property=\"og:image:height\" content=\"2048\" \/>\n\t<meta property=\"og:image:type\" content=\"image\/jpeg\" \/>\n<meta name=\"twitter:card\" content=\"summary_large_image\" \/>\n<meta name=\"twitter:label1\" content=\"Estimeret l\u00e6setid\" \/>\n\t<meta name=\"twitter:data1\" content=\"2 minutter\" \/>\n<script type=\"application\/ld+json\" class=\"yoast-schema-graph\">{\"@context\":\"https:\\\/\\\/schema.org\",\"@graph\":[{\"@type\":\"WebPage\",\"@id\":\"https:\\\/\\\/ginnungagap.art\\\/da\\\/priser\\\/\",\"url\":\"https:\\\/\\\/ginnungagap.art\\\/da\\\/priser\\\/\",\"name\":\"Priser | Ginnungagap Art\",\"isPartOf\":{\"@id\":\"https:\\\/\\\/ginnungagap.art\\\/da\\\/#website\"},\"primaryImageOfPage\":{\"@id\":\"https:\\\/\\\/ginnungagap.art\\\/da\\\/priser\\\/#primaryimage\"},\"image\":{\"@id\":\"https:\\\/\\\/ginnungagap.art\\\/da\\\/priser\\\/#primaryimage\"},\"thumbnailUrl\":\"https:\\\/\\\/ginnungagap.art\\\/wp-content\\\/uploads\\\/2024\\\/06\\\/Prices-1-ul-scaled.jpg\",\"datePublished\":\"2024-04-16T10:36:27+00:00\",\"dateModified\":\"2025-11-28T11:57:47+00:00\",\"breadcrumb\":{\"@id\":\"https:\\\/\\\/ginnungagap.art\\\/da\\\/priser\\\/#breadcrumb\"},\"inLanguage\":\"da-DK\",\"potentialAction\":[{\"@type\":\"ReadAction\",\"target\":[\"https:\\\/\\\/ginnungagap.art\\\/da\\\/priser\\\/\"]}]},{\"@type\":\"ImageObject\",\"inLanguage\":\"da-DK\",\"@id\":\"https:\\\/\\\/ginnungagap.art\\\/da\\\/priser\\\/#primaryimage\",\"url\":\"https:\\\/\\\/ginnungagap.art\\\/wp-content\\\/uploads\\\/2024\\\/06\\\/Prices-1-ul-scaled.jpg\",\"contentUrl\":\"https:\\\/\\\/ginnungagap.art\\\/wp-content\\\/uploads\\\/2024\\\/06\\\/Prices-1-ul-scaled.jpg\"},{\"@type\":\"BreadcrumbList\",\"@id\":\"https:\\\/\\\/ginnungagap.art\\\/da\\\/priser\\\/#breadcrumb\",\"itemListElement\":[{\"@type\":\"ListItem\",\"position\":1,\"name\":\"Forside\",\"item\":\"https:\\\/\\\/ginnungagap.art\\\/da\\\/\"},{\"@type\":\"ListItem\",\"position\":2,\"name\":\"Priser\"}]},{\"@type\":\"WebSite\",\"@id\":\"https:\\\/\\\/ginnungagap.art\\\/da\\\/#website\",\"url\":\"https:\\\/\\\/ginnungagap.art\\\/da\\\/\",\"name\":\"Ginnungagap Art\",\"description\":\"Sacred Nordic Tattoos\",\"publisher\":{\"@id\":\"https:\\\/\\\/ginnungagap.art\\\/da\\\/#organization\"},\"potentialAction\":[{\"@type\":\"SearchAction\",\"target\":{\"@type\":\"EntryPoint\",\"urlTemplate\":\"https:\\\/\\\/ginnungagap.art\\\/da\\\/?s={search_term_string}\"},\"query-input\":{\"@type\":\"PropertyValueSpecification\",\"valueRequired\":true,\"valueName\":\"search_term_string\"}}],\"inLanguage\":\"da-DK\"},{\"@type\":\"Organization\",\"@id\":\"https:\\\/\\\/ginnungagap.art\\\/da\\\/#organization\",\"name\":\"Ginnungagap Art\",\"url\":\"https:\\\/\\\/ginnungagap.art\\\/da\\\/\",\"logo\":{\"@type\":\"ImageObject\",\"inLanguage\":\"da-DK\",\"@id\":\"https:\\\/\\\/ginnungagap.art\\\/da\\\/#\\\/schema\\\/logo\\\/image\\\/\",\"url\":\"https:\\\/\\\/ginnungagap.art\\\/wp-content\\\/uploads\\\/2024\\\/04\\\/ginnungagap-logo-02.svg\",\"contentUrl\":\"https:\\\/\\\/ginnungagap.art\\\/wp-content\\\/uploads\\\/2024\\\/04\\\/ginnungagap-logo-02.svg\",\"caption\":\"Ginnungagap Art\"},\"image\":{\"@id\":\"https:\\\/\\\/ginnungagap.art\\\/da\\\/#\\\/schema\\\/logo\\\/image\\\/\"}}]}<\/script>\n<!-- \/ Yoast SEO plugin. -->","yoast_head_json":{"title":"Priser | Ginnungagap Art","robots":{"index":"index","follow":"follow","max-snippet":"max-snippet:-1","max-image-preview":"max-image-preview:large","max-video-preview":"max-video-preview:-1"},"canonical":"https:\/\/ginnungagap.art\/da\/priser\/","og_locale":"da_DK","og_type":"article","og_title":"Priser | Ginnungagap Art","og_description":"Dagspriser Da vi prim\u00e6rt arbejder p\u00e5 st\u00f8rre projekter, finder vi, at en dagspris giver bedst mening. Vores normale arbejdsdage er fra mandag til fredag fra 10:00 til 17:00, og dagsprisen er 8000 DKK. Individuelle timer koster 1500 DKK pr. time. Book her Depositum Ved bekr\u00e6ftelse af en booket dag opkr\u00e6ver vi et depositum p\u00e5 1500 ... L\u00e6s Mere","og_url":"https:\/\/ginnungagap.art\/da\/priser\/","og_site_name":"Ginnungagap Art","article_modified_time":"2025-11-28T11:57:47+00:00","og_image":[{"width":1365,"height":2048,"url":"https:\/\/ginnungagap.art\/wp-content\/uploads\/2024\/06\/Prices-1-ul-scaled.jpg","type":"image\/jpeg"}],"twitter_card":"summary_large_image","twitter_misc":{"Estimeret l\u00e6setid":"2 minutter"},"schema":{"@context":"https:\/\/schema.org","@graph":[{"@type":"WebPage","@id":"https:\/\/ginnungagap.art\/da\/priser\/","url":"https:\/\/ginnungagap.art\/da\/priser\/","name":"Priser | Ginnungagap Art","isPartOf":{"@id":"https:\/\/ginnungagap.art\/da\/#website"},"primaryImageOfPage":{"@id":"https:\/\/ginnungagap.art\/da\/priser\/#primaryimage"},"image":{"@id":"https:\/\/ginnungagap.art\/da\/priser\/#primaryimage"},"thumbnailUrl":"https:\/\/ginnungagap.art\/wp-content\/uploads\/2024\/06\/Prices-1-ul-scaled.jpg","datePublished":"2024-04-16T10:36:27+00:00","dateModified":"2025-11-28T11:57:47+00:00","breadcrumb":{"@id":"https:\/\/ginnungagap.art\/da\/priser\/#breadcrumb"},"inLanguage":"da-DK","potentialAction":[{"@type":"ReadAction","target":["https:\/\/ginnungagap.art\/da\/priser\/"]}]},{"@type":"ImageObject","inLanguage":"da-DK","@id":"https:\/\/ginnungagap.art\/da\/priser\/#primaryimage","url":"https:\/\/ginnungagap.art\/wp-content\/uploads\/2024\/06\/Prices-1-ul-scaled.jpg","contentUrl":"https:\/\/ginnungagap.art\/wp-content\/uploads\/2024\/06\/Prices-1-ul-scaled.jpg"},{"@type":"BreadcrumbList","@id":"https:\/\/ginnungagap.art\/da\/priser\/#breadcrumb","itemListElement":[{"@type":"ListItem","position":1,"name":"Forside","item":"https:\/\/ginnungagap.art\/da\/"},{"@type":"ListItem","position":2,"name":"Priser"}]},{"@type":"WebSite","@id":"https:\/\/ginnungagap.art\/da\/#website","url":"https:\/\/ginnungagap.art\/da\/","name":"Ginnungagap Art","description":"Sacred Nordic Tattoos","publisher":{"@id":"https:\/\/ginnungagap.art\/da\/#organization"},"potentialAction":[{"@type":"SearchAction","target":{"@type":"EntryPoint","urlTemplate":"https:\/\/ginnungagap.art\/da\/?s={search_term_string}"},"query-input":{"@type":"PropertyValueSpecification","valueRequired":true,"valueName":"search_term_string"}}],"inLanguage":"da-DK"},{"@type":"Organization","@id":"https:\/\/ginnungagap.art\/da\/#organization","name":"Ginnungagap Art","url":"https:\/\/ginnungagap.art\/da\/","logo":{"@type":"ImageObject","inLanguage":"da-DK","@id":"https:\/\/ginnungagap.art\/da\/#\/schema\/logo\/image\/","url":"https:\/\/ginnungagap.art\/wp-content\/uploads\/2024\/04\/ginnungagap-logo-02.svg","contentUrl":"https:\/\/ginnungagap.art\/wp-content\/uploads\/2024\/04\/ginnungagap-logo-02.svg","caption":"Ginnungagap Art"},"image":{"@id":"https:\/\/ginnungagap.art\/da\/#\/schema\/logo\/image\/"}}]}},"_links":{"self":[{"href":"https:\/\/ginnungagap.art\/da\/wp-json\/wp\/v2\/pages\/9802","targetHints":{"allow":["GET"]}}],"collection":[{"href":"https:\/\/ginnungagap.art\/da\/wp-json\/wp\/v2\/pages"}],"about":[{"href":"https:\/\/ginnungagap.art\/da\/wp-json\/wp\/v2\/types\/page"}],"author":[{"embeddable":true,"href":"https:\/\/ginnungagap.art\/da\/wp-json\/wp\/v2\/users\/8"}],"replies":[{"embeddable":true,"href":"https:\/\/ginnungagap.art\/da\/wp-json\/wp\/v2\/comments?post=9802"}],"version-history":[{"count":6,"href":"https:\/\/ginnungagap.art\/da\/wp-json\/wp\/v2\/pages\/9802\/revisions"}],"predecessor-version":[{"id":10341,"href":"https:\/\/ginnungagap.art\/da\/wp-json\/wp\/v2\/pages\/9802\/revisions\/10341"}],"wp:attachment":[{"href":"https:\/\/ginnungagap.art\/da\/wp-json\/wp\/v2\/media?parent=9802"}],"wp:term":[{"taxonomy":"category","embeddable":true,"href":"https:\/\/ginnungagap.art\/da\/wp-json\/wp\/v2\/categories?post=9802"}],"curies":[{"name":"wp","href":"https:\/\/api.w.org\/{rel}","templated":true}]}}