{"id":9806,"date":"2020-02-12T13:11:38","date_gmt":"2020-02-12T12:11:38","guid":{"rendered":"https:\/\/ginnungagap.art\/kontakt\/"},"modified":"2024-09-23T08:43:30","modified_gmt":"2024-09-23T06:43:30","slug":"kontakt","status":"publish","type":"page","link":"https:\/\/ginnungagap.art\/da\/kontakt\/","title":{"rendered":"Kontakt"},"content":{"rendered":"\t\t<div data-elementor-type=\"wp-page\" data-elementor-id=\"9806\" class=\"elementor elementor-9806 elementor-61\" data-elementor-post-type=\"page\">\n\t\t\t\t<div class=\"elementor-element elementor-element-27c9dfba e-flex e-con-boxed e-con e-parent\" data-id=\"27c9dfba\" data-element_type=\"container\" data-e-type=\"container\">\n\t\t\t\t\t<div class=\"e-con-inner\">\n\t\t<div class=\"elementor-element elementor-element-2dcebb4 e-con-full e-flex e-con e-child\" data-id=\"2dcebb4\" data-element_type=\"container\" data-e-type=\"container\">\n\t\t\t\t<div class=\"elementor-element elementor-element-62e53380 elementor-widget elementor-widget-text-editor\" data-id=\"62e53380\" data-element_type=\"widget\" data-e-type=\"widget\" data-widget_type=\"text-editor.default\">\n\t\t\t\t<div class=\"elementor-widget-container\">\n\t\t\t\t\t\t\t\t\t<h2>Anmodning om aftale<\/h2> For at lave en aftale til dig beder vi dig om at udfylde f\u00f8lgende formular. Dette vil hj\u00e6lpe os med at estimere, hvor meget tid det vil tage at lave din tatovering.<br>Vi ser frem til at h\u00f8re fra dig, s\u00e5 vi kan finde nogle datoer, der passer dig.   <br><\/br> Du kan kontakte os p\u00e5 dansk, engelsk eller tysk\t\t\t\t\t\t\t\t<\/div>\n\t\t\t\t<\/div>\n\t\t\t\t<\/div>\n\t\t\t\t<div class=\"elementor-element elementor-element-85d0d06 elementor-widget__width-inherit elementor-widget elementor-widget-shortcode\" data-id=\"85d0d06\" data-element_type=\"widget\" data-e-type=\"widget\" data-widget_type=\"shortcode.default\">\n\t\t\t\t<div class=\"elementor-widget-container\">\n\t\t\t\t\t\t\t<div class=\"elementor-shortcode\"><form id=\"forminator-module-66\" class=\"forminator-custom-form forminator-custom-form-66\" method=\"post\" data-forminator-render=\"0\" data-uid=\"69e00db449631\"><div role=\"alert\" aria-live=\"polite\" class=\"forminator-response-message forminator-error\" aria-hidden=\"true\"><\/div><\/form><\/div>\n\t\t\t\t\t\t<\/div>\n\t\t\t\t<\/div>\n\t\t\t\t\t<\/div>\n\t\t\t\t<\/div>\n\t\t<div class=\"elementor-element elementor-element-65dda119 no-padding e-flex e-con-boxed e-con e-parent\" data-id=\"65dda119\" data-element_type=\"container\" data-e-type=\"container\">\n\t\t\t\t\t<div class=\"e-con-inner\">\n\t\t\t\t<div class=\"elementor-element elementor-element-63792fa elementor-widget elementor-widget-google_maps\" data-id=\"63792fa\" data-element_type=\"widget\" data-e-type=\"widget\" data-widget_type=\"google_maps.default\">\n\t\t\t\t<div class=\"elementor-widget-container\">\n\t\t\t\t\t\t\t<div class=\"elementor-custom-embed\">\n\t\t\t<iframe loading=\"lazy\"\n\t\t\t\t\tsrc=\"https:\/\/maps.google.com\/maps?q=Ginnungagap%20Art&#038;t=m&#038;z=10&#038;output=embed&#038;iwloc=near\"\n\t\t\t\t\ttitle=\"Ginnungagap Art\"\n\t\t\t\t\taria-label=\"Ginnungagap Art\"\n\t\t\t><\/iframe>\n\t\t<\/div>\n\t\t\t\t\t\t<\/div>\n\t\t\t\t<\/div>\n\t\t\t\t\t<\/div>\n\t\t\t\t<\/div>\n\t\t\t\t<\/div>\n\t\t","protected":false},"excerpt":{"rendered":"<p>Har du sp\u00f8rgsm\u00e5l eller kommentarer? Kontakt os i dag for at h\u00f8re mere om, hvad vi kan g\u00f8re for dig. <\/p>\n","protected":false},"author":1,"featured_media":0,"parent":0,"menu_order":0,"comment_status":"closed","ping_status":"closed","template":"","meta":{"_acf_changed":false,"footnotes":""},"categories":[],"class_list":["post-9806","page","type-page","status-publish"],"acf":[],"yoast_head":"<!-- This site is optimized with the Yoast SEO plugin v27.4 - https:\/\/yoast.com\/product\/yoast-seo-wordpress\/ -->\n<title>Kontakt | Ginnungagap Art<\/title>\n<meta name=\"robots\" content=\"index, follow, max-snippet:-1, max-image-preview:large, max-video-preview:-1\" \/>\n<link rel=\"canonical\" href=\"https:\/\/ginnungagap.art\/da\/kontakt\/\" \/>\n<meta property=\"og:locale\" content=\"da_DK\" \/>\n<meta property=\"og:type\" content=\"article\" \/>\n<meta property=\"og:title\" content=\"Kontakt | Ginnungagap Art\" \/>\n<meta property=\"og:description\" content=\"Har du sp\u00f8rgsm\u00e5l eller kommentarer? Kontakt os i dag for at h\u00f8re mere om, hvad vi kan g\u00f8re for dig.\" \/>\n<meta property=\"og:url\" content=\"https:\/\/ginnungagap.art\/da\/kontakt\/\" \/>\n<meta property=\"og:site_name\" content=\"Ginnungagap Art\" \/>\n<meta property=\"article:modified_time\" content=\"2024-09-23T06:43:30+00:00\" \/>\n<meta name=\"twitter:card\" content=\"summary_large_image\" \/>\n<script type=\"application\/ld+json\" class=\"yoast-schema-graph\">{\"@context\":\"https:\\\/\\\/schema.org\",\"@graph\":[{\"@type\":\"WebPage\",\"@id\":\"https:\\\/\\\/ginnungagap.art\\\/da\\\/kontakt\\\/\",\"url\":\"https:\\\/\\\/ginnungagap.art\\\/da\\\/kontakt\\\/\",\"name\":\"Kontakt | Ginnungagap Art\",\"isPartOf\":{\"@id\":\"https:\\\/\\\/ginnungagap.art\\\/da\\\/#website\"},\"datePublished\":\"2020-02-12T12:11:38+00:00\",\"dateModified\":\"2024-09-23T06:43:30+00:00\",\"breadcrumb\":{\"@id\":\"https:\\\/\\\/ginnungagap.art\\\/da\\\/kontakt\\\/#breadcrumb\"},\"inLanguage\":\"da-DK\",\"potentialAction\":[{\"@type\":\"ReadAction\",\"target\":[\"https:\\\/\\\/ginnungagap.art\\\/da\\\/kontakt\\\/\"]}]},{\"@type\":\"BreadcrumbList\",\"@id\":\"https:\\\/\\\/ginnungagap.art\\\/da\\\/kontakt\\\/#breadcrumb\",\"itemListElement\":[{\"@type\":\"ListItem\",\"position\":1,\"name\":\"Forside\",\"item\":\"https:\\\/\\\/ginnungagap.art\\\/da\\\/\"},{\"@type\":\"ListItem\",\"position\":2,\"name\":\"Kontakt\"}]},{\"@type\":\"WebSite\",\"@id\":\"https:\\\/\\\/ginnungagap.art\\\/da\\\/#website\",\"url\":\"https:\\\/\\\/ginnungagap.art\\\/da\\\/\",\"name\":\"Ginnungagap Art\",\"description\":\"Sacred Nordic Tattoos\",\"publisher\":{\"@id\":\"https:\\\/\\\/ginnungagap.art\\\/da\\\/#organization\"},\"potentialAction\":[{\"@type\":\"SearchAction\",\"target\":{\"@type\":\"EntryPoint\",\"urlTemplate\":\"https:\\\/\\\/ginnungagap.art\\\/da\\\/?s={search_term_string}\"},\"query-input\":{\"@type\":\"PropertyValueSpecification\",\"valueRequired\":true,\"valueName\":\"search_term_string\"}}],\"inLanguage\":\"da-DK\"},{\"@type\":\"Organization\",\"@id\":\"https:\\\/\\\/ginnungagap.art\\\/da\\\/#organization\",\"name\":\"Ginnungagap Art\",\"url\":\"https:\\\/\\\/ginnungagap.art\\\/da\\\/\",\"logo\":{\"@type\":\"ImageObject\",\"inLanguage\":\"da-DK\",\"@id\":\"https:\\\/\\\/ginnungagap.art\\\/da\\\/#\\\/schema\\\/logo\\\/image\\\/\",\"url\":\"https:\\\/\\\/ginnungagap.art\\\/wp-content\\\/uploads\\\/2024\\\/04\\\/ginnungagap-logo-02.svg\",\"contentUrl\":\"https:\\\/\\\/ginnungagap.art\\\/wp-content\\\/uploads\\\/2024\\\/04\\\/ginnungagap-logo-02.svg\",\"caption\":\"Ginnungagap Art\"},\"image\":{\"@id\":\"https:\\\/\\\/ginnungagap.art\\\/da\\\/#\\\/schema\\\/logo\\\/image\\\/\"}}]}<\/script>\n<!-- \/ Yoast SEO plugin. -->","yoast_head_json":{"title":"Kontakt | Ginnungagap Art","robots":{"index":"index","follow":"follow","max-snippet":"max-snippet:-1","max-image-preview":"max-image-preview:large","max-video-preview":"max-video-preview:-1"},"canonical":"https:\/\/ginnungagap.art\/da\/kontakt\/","og_locale":"da_DK","og_type":"article","og_title":"Kontakt | Ginnungagap Art","og_description":"Har du sp\u00f8rgsm\u00e5l eller kommentarer? Kontakt os i dag for at h\u00f8re mere om, hvad vi kan g\u00f8re for dig.","og_url":"https:\/\/ginnungagap.art\/da\/kontakt\/","og_site_name":"Ginnungagap Art","article_modified_time":"2024-09-23T06:43:30+00:00","twitter_card":"summary_large_image","schema":{"@context":"https:\/\/schema.org","@graph":[{"@type":"WebPage","@id":"https:\/\/ginnungagap.art\/da\/kontakt\/","url":"https:\/\/ginnungagap.art\/da\/kontakt\/","name":"Kontakt | Ginnungagap Art","isPartOf":{"@id":"https:\/\/ginnungagap.art\/da\/#website"},"datePublished":"2020-02-12T12:11:38+00:00","dateModified":"2024-09-23T06:43:30+00:00","breadcrumb":{"@id":"https:\/\/ginnungagap.art\/da\/kontakt\/#breadcrumb"},"inLanguage":"da-DK","potentialAction":[{"@type":"ReadAction","target":["https:\/\/ginnungagap.art\/da\/kontakt\/"]}]},{"@type":"BreadcrumbList","@id":"https:\/\/ginnungagap.art\/da\/kontakt\/#breadcrumb","itemListElement":[{"@type":"ListItem","position":1,"name":"Forside","item":"https:\/\/ginnungagap.art\/da\/"},{"@type":"ListItem","position":2,"name":"Kontakt"}]},{"@type":"WebSite","@id":"https:\/\/ginnungagap.art\/da\/#website","url":"https:\/\/ginnungagap.art\/da\/","name":"Ginnungagap Art","description":"Sacred Nordic Tattoos","publisher":{"@id":"https:\/\/ginnungagap.art\/da\/#organization"},"potentialAction":[{"@type":"SearchAction","target":{"@type":"EntryPoint","urlTemplate":"https:\/\/ginnungagap.art\/da\/?s={search_term_string}"},"query-input":{"@type":"PropertyValueSpecification","valueRequired":true,"valueName":"search_term_string"}}],"inLanguage":"da-DK"},{"@type":"Organization","@id":"https:\/\/ginnungagap.art\/da\/#organization","name":"Ginnungagap Art","url":"https:\/\/ginnungagap.art\/da\/","logo":{"@type":"ImageObject","inLanguage":"da-DK","@id":"https:\/\/ginnungagap.art\/da\/#\/schema\/logo\/image\/","url":"https:\/\/ginnungagap.art\/wp-content\/uploads\/2024\/04\/ginnungagap-logo-02.svg","contentUrl":"https:\/\/ginnungagap.art\/wp-content\/uploads\/2024\/04\/ginnungagap-logo-02.svg","caption":"Ginnungagap Art"},"image":{"@id":"https:\/\/ginnungagap.art\/da\/#\/schema\/logo\/image\/"}}]}},"_links":{"self":[{"href":"https:\/\/ginnungagap.art\/da\/wp-json\/wp\/v2\/pages\/9806","targetHints":{"allow":["GET"]}}],"collection":[{"href":"https:\/\/ginnungagap.art\/da\/wp-json\/wp\/v2\/pages"}],"about":[{"href":"https:\/\/ginnungagap.art\/da\/wp-json\/wp\/v2\/types\/page"}],"author":[{"embeddable":true,"href":"https:\/\/ginnungagap.art\/da\/wp-json\/wp\/v2\/users\/1"}],"replies":[{"embeddable":true,"href":"https:\/\/ginnungagap.art\/da\/wp-json\/wp\/v2\/comments?post=9806"}],"version-history":[{"count":0,"href":"https:\/\/ginnungagap.art\/da\/wp-json\/wp\/v2\/pages\/9806\/revisions"}],"wp:attachment":[{"href":"https:\/\/ginnungagap.art\/da\/wp-json\/wp\/v2\/media?parent=9806"}],"wp:term":[{"taxonomy":"category","embeddable":true,"href":"https:\/\/ginnungagap.art\/da\/wp-json\/wp\/v2\/categories?post=9806"}],"curies":[{"name":"wp","href":"https:\/\/api.w.org\/{rel}","templated":true}]}}